{"id":645,"date":"2023-11-22T10:14:38","date_gmt":"2023-11-22T09:14:38","guid":{"rendered":"https:\/\/peepsapp.ch\/?page_id=645"},"modified":"2023-11-22T10:25:11","modified_gmt":"2023-11-22T09:25:11","slug":"faq-job-de-reve","status":"publish","type":"page","link":"https:\/\/peepsapp.ch\/fr\/faq-job-de-reve\/","title":{"rendered":"FAQ Job de r\u00eave"},"content":{"rendered":"<h1 class=\"wp-block-heading\">FAQ Job de r\u00eave<\/h1><h2 class=\"wp-block-heading\">C\u2019est quoi Peeps ?<\/h2><p>Peeps est une application qui pr\u00e9sente chaque jour une nouvelle personne, sous la forme de plusieurs articles publi\u00e9s tout au long de la journ\u00e9e. L&rsquo;id\u00e9e est d&rsquo;utiliser des contributions photo, vid\u00e9o, audio et texte pour d\u00e9crire la diversit\u00e9 des jeunes en Suisse, leurs vies et ce qu\u2019ils.elles pr\u00e9f\u00e8rent. <a href=\"https:\/\/peepsapp.ch\/fr\/\" target=\"_blank\" rel=\"noreferrer noopener\">En savoir plus sur Peeps<\/a>.<\/p><p><\/p><h2 class=\"wp-block-heading\">Qui est \u00e0 l\u2019origine de Peeps ?<\/h2><p>L&rsquo;application Peeps est d\u00e9velopp\u00e9e par PUBLISHR GmbH, une filiale d&rsquo;INTR AG. De jeunes r\u00e9dacteur.ices, photographes, vid\u00e9astes, illustrateur.ices et \u2013 parce que les contenus sont trilingues \u2013 traducteur.ices sont responsables de la production de contenus.<\/p><p><\/p><h2 class=\"wp-block-heading\">Pourquoi Job de r\u00eave ?<\/h2><p>Nous nous int\u00e9ressons \u00e0 ce qui se passe lorsqu\u2019on peut travailler pendant six mois, mettre en \u0153uvre un projet, r\u00e9aliser un r\u00eave, sans ressentir une pression financi\u00e8re constante.<\/p><p><\/p><h2 class=\"wp-block-heading\">Qui peut postuler ?<\/h2><p>Le poste est ouvert \u00e0 toutes les personnes disposant d&rsquo;un abonnement Peeps Premium actif et d&rsquo;un permis de travail leur permettant de travailler en Suisse. Pour des raisons juridiques, il est permis d&rsquo;\u00eatre li\u00e9.e contractuellement \u00e0 50 % maximum \u00e0 un autre emploi pendant les six mois d&rsquo;engagement chez Peeps (PUBLISHR GmbH).<\/p><p><\/p><h2 class=\"wp-block-heading\">Combien co\u00fbte un abonnement Peeps Premium et dans quelle mesure puis-je en profiter ?<\/h2><p>Pour les client.es PostFinance (partenaire de Peeps), un abonnement Peeps Premium est gratuit jusqu&rsquo;\u00e0 leur 30<sup>\u00e8me<\/sup> anniversaire. Sinon, il co\u00fbte 5 francs par mois et peut \u00eatre r\u00e9sili\u00e9 \u00e0 tout moment. Tu peux t\u00e9l\u00e9charger l&rsquo;application <a href=\"https:\/\/peepsapp.ch\/fr\/hi-peeps\/\">ici<\/a> et acc\u00e9der \u00e0 l&rsquo;abonnement Premium directement dans l&rsquo;application. Avec l&rsquo;abonnement Premium, tu as un acc\u00e8s complet au contenu \u00e9ditorial et au Shop Peeps. Tous les deux jours, dans le Shop, tu peux acheter un nombre limit\u00e9 de produits \u00e0 prix r\u00e9duit.<\/p><p><\/p><h2 class=\"wp-block-heading\">Quel genre de projets sont recherch\u00e9s ?<\/h2><p>Les id\u00e9es contenues dans le formulaire de candidature peuvent t\u2019aider \u00e0 r\u00e9pondre \u00e0 la question. Mais nous voulons que tu r\u00e9fl\u00e9chisses au-del\u00e0 de \u00e7a. Nous ne pouvons pas et ne voulons pas d\u00e9terminer ce qui doit \u00eatre mis en \u0153uvre dans le cadre de ton travail ; ta cr\u00e9ativit\u00e9 ne doit pas \u00eatre limit\u00e9e. Ce que nous souhaitons, c&rsquo;est que tu g\u00e8res ton projet de A \u00e0 Z.<\/p><p><\/p><h2 class=\"wp-block-heading\">Comment les candidatures sont-elles \u00e9valu\u00e9es ?<\/h2><p>Seuls les formulaires de candidature compl\u00e8tement remplis seront \u00e9valu\u00e9s. Sous \u00ab Ton projet \u00bb, tu as la possibilit\u00e9 de te pr\u00e9senter, de pr\u00e9senter ton projet et ce qui te motive. Nous aimons que ce soit court et percutant, c&rsquo;est pourquoi le nombre de caract\u00e8res est limit\u00e9.<\/p><p><\/p><h2 class=\"wp-block-heading\">Comment se d\u00e9roule la proc\u00e9dure de s\u00e9lection ?<\/h2><p>Les candidatures seront accept\u00e9es jusqu&rsquo;au 14 janvier 2024. Ensuite, 20 candidat.es seront invit\u00e9.es \u00e0 un entretien au cours duquel ils.elles pourront pr\u00e9senter leur projet ou leur id\u00e9e de mani\u00e8re plus d\u00e9taill\u00e9e. Les entretiens se d\u00e9rouleront en ligne. Sur les 20 candidat.es, deux seront s\u00e9lectionn\u00e9.es et se verront attribuer un contrat de travail \u00e0 dur\u00e9e d\u00e9termin\u00e9e de six mois. Le taux d&rsquo;occupation est de 50 % pour un salaire brut de CHF 2500.\u2013 par mois.<\/p><p><\/p><h2 class=\"wp-block-heading\">Quand le contrat d\u00e9bute-t-il ?<\/h2><p>La date d\u2019embauche la plus proche est le 1er mars 2024. Dans le formulaire de candidature, tu peux indiquer en option la date d\u2019embauche souhait\u00e9e. Une date concr\u00e8te d\u2019embauche devra de toute fa\u00e7on \u00eatre mentionn\u00e9e au plus tard lors de l&rsquo;entretien.<\/p><p><\/p><h2 class=\"wp-block-heading\">\u00c0 quoi ressemblerait mon emploi du temps en cas d&#8217;embauche ?<\/h2><p>Nous attendons de toi que tu investisses 20 heures de travail par semaine dans ton projet pendant les six mois. C&rsquo;est toi qui d\u00e9cides quand et o\u00f9 tu travailles. En fonction de ton temps de travail, tu as des jours de vacances dont tu peux disposer librement.<\/p><p><\/p><h2 class=\"wp-block-heading\">Sous quelle forme puis-je b\u00e9n\u00e9ficier d&rsquo;un coaching ?<\/h2><p>Dans la mesure du possible, nous te soutenons dans la r\u00e9alisation de ton projet en te faisant b\u00e9n\u00e9ficier de notre expertise. La forme concr\u00e8te du coaching d\u00e9pend du projet et est d\u00e9finie lors de la conclusion du contrat de travail.<\/p><p><\/p><h2 class=\"wp-block-heading\">Le projet doit-il \u00eatre termin\u00e9 dans les six mois ?<\/h2><p>Non. Ce qui nous int\u00e9resse, c&rsquo;est l&rsquo;id\u00e9e du projet et ce qu\u2019il se passe si tu peux te consacrer \u00e0 cette id\u00e9e pendant une p\u00e9riode assez longue. Nous sommes conscient.es qu&rsquo;il peut se passer beaucoup de choses en six mois et que les id\u00e9es et les projets peuvent \u00e9voluer ou changer.<\/p><p><\/p><h2 class=\"wp-block-heading\">Les cotisations aux assurances sociales seront-elles vers\u00e9es ?<\/h2><p>Oui, les cotisations obligatoires sont vers\u00e9es aux assurances sociales.<\/p><p><\/p><h2 class=\"wp-block-heading\">Le revenu est-il imposable ?<\/h2><p>Oui, le revenu est imposable.<\/p><p><\/p><h2 class=\"wp-block-heading\">Mes donn\u00e9es seront-elles transmises \u00e0 des tiers ?<\/h2><p>Non, tes donn\u00e9es ne seront pas transmises \u00e0 des tiers.<\/p><p><\/p><p>Clique <a href=\"https:\/\/peepsapp.ch\/fr\/job-de-reve\/\">ici<\/a> pour retourner au formulaire de candidature !<\/p><p><\/p><div class=\"wp-block-group has-small-font-size\"><div class=\"wp-block-group__inner-container is-layout-constrained wp-block-group-is-layout-constrained\"><p><\/p><\/div><\/div>","protected":false},"excerpt":{"rendered":"<p>FAQ Job de r\u00eave C\u2019est quoi Peeps ? Peeps est une application qui pr\u00e9sente chaque jour une nouvelle personne, sous la forme de plusieurs articles publi\u00e9s tout au long de la journ\u00e9e. L&rsquo;id\u00e9e est d&rsquo;utiliser des contributions photo, vid\u00e9o, audio et texte pour d\u00e9crire la diversit\u00e9 des jeunes en Suisse, leurs vies et ce qu\u2019ils.elles [&hellip;]<\/p>\n","protected":false},"author":2,"featured_media":0,"parent":0,"menu_order":0,"comment_status":"closed","ping_status":"closed","template":"content-traumjob-faq.php","meta":{"footnotes":""},"class_list":["post-645","page","type-page","status-publish","hentry"],"acf":[],"yoast_head":"<!-- This site is optimized with the Yoast SEO plugin v27.4 - https:\/\/yoast.com\/product\/yoast-seo-wordpress\/ -->\n<title>FAQ Job de r\u00eave | Peeps App<\/title>\n<meta name=\"robots\" content=\"index, follow, max-snippet:-1, max-image-preview:large, max-video-preview:-1\" \/>\n<link rel=\"canonical\" href=\"https:\/\/peepsapp.ch\/fr\/faq-job-de-reve\/\" \/>\n<meta property=\"og:locale\" content=\"fr_FR\" \/>\n<meta property=\"og:type\" content=\"article\" \/>\n<meta property=\"og:title\" content=\"FAQ Job de r\u00eave | Peeps App\" \/>\n<meta property=\"og:description\" content=\"FAQ Job de r\u00eave C\u2019est quoi Peeps ? Peeps est une application qui pr\u00e9sente chaque jour une nouvelle personne, sous la forme de plusieurs articles publi\u00e9s tout au long de la journ\u00e9e. L&rsquo;id\u00e9e est d&rsquo;utiliser des contributions photo, vid\u00e9o, audio et texte pour d\u00e9crire la diversit\u00e9 des jeunes en Suisse, leurs vies et ce qu\u2019ils.elles [&hellip;]\" \/>\n<meta property=\"og:url\" content=\"https:\/\/peepsapp.ch\/fr\/faq-job-de-reve\/\" \/>\n<meta property=\"og:site_name\" content=\"Peeps App\" \/>\n<meta property=\"article:modified_time\" content=\"2023-11-22T09:25:11+00:00\" \/>\n<meta name=\"twitter:card\" content=\"summary_large_image\" \/>\n<meta name=\"twitter:label1\" content=\"Dur\u00e9e de lecture estim\u00e9e\" \/>\n\t<meta name=\"twitter:data1\" content=\"5 minutes\" \/>\n<script type=\"application\/ld+json\" class=\"yoast-schema-graph\">{\"@context\":\"https:\\\/\\\/schema.org\",\"@graph\":[{\"@type\":\"WebPage\",\"@id\":\"https:\\\/\\\/peepsapp.ch\\\/fr\\\/faq-job-de-reve\\\/\",\"url\":\"https:\\\/\\\/peepsapp.ch\\\/fr\\\/faq-job-de-reve\\\/\",\"name\":\"FAQ Job de r\u00eave | Peeps App\",\"isPartOf\":{\"@id\":\"https:\\\/\\\/peepsapp.ch\\\/#website\"},\"datePublished\":\"2023-11-22T09:14:38+00:00\",\"dateModified\":\"2023-11-22T09:25:11+00:00\",\"breadcrumb\":{\"@id\":\"https:\\\/\\\/peepsapp.ch\\\/fr\\\/faq-job-de-reve\\\/#breadcrumb\"},\"inLanguage\":\"fr-FR\",\"potentialAction\":[{\"@type\":\"ReadAction\",\"target\":[\"https:\\\/\\\/peepsapp.ch\\\/fr\\\/faq-job-de-reve\\\/\"]}]},{\"@type\":\"BreadcrumbList\",\"@id\":\"https:\\\/\\\/peepsapp.ch\\\/fr\\\/faq-job-de-reve\\\/#breadcrumb\",\"itemListElement\":[{\"@type\":\"ListItem\",\"position\":1,\"name\":\"Home\",\"item\":\"https:\\\/\\\/peepsapp.ch\\\/fr\\\/\"},{\"@type\":\"ListItem\",\"position\":2,\"name\":\"FAQ Job de r\u00eave\"}]},{\"@type\":\"WebSite\",\"@id\":\"https:\\\/\\\/peepsapp.ch\\\/#website\",\"url\":\"https:\\\/\\\/peepsapp.ch\\\/\",\"name\":\"Peeps App\",\"description\":\"Eine weitere WordPress-Website\",\"publisher\":{\"@id\":\"https:\\\/\\\/peepsapp.ch\\\/#organization\"},\"potentialAction\":[{\"@type\":\"SearchAction\",\"target\":{\"@type\":\"EntryPoint\",\"urlTemplate\":\"https:\\\/\\\/peepsapp.ch\\\/?s={search_term_string}\"},\"query-input\":{\"@type\":\"PropertyValueSpecification\",\"valueRequired\":true,\"valueName\":\"search_term_string\"}}],\"inLanguage\":\"fr-FR\"},{\"@type\":\"Organization\",\"@id\":\"https:\\\/\\\/peepsapp.ch\\\/#organization\",\"name\":\"Peeps App\",\"url\":\"https:\\\/\\\/peepsapp.ch\\\/\",\"logo\":{\"@type\":\"ImageObject\",\"inLanguage\":\"fr-FR\",\"@id\":\"https:\\\/\\\/peepsapp.ch\\\/#\\\/schema\\\/logo\\\/image\\\/\",\"url\":\"https:\\\/\\\/peepsapp.ch\\\/wp-content\\\/uploads\\\/2022\\\/08\\\/peeps-logo-web_Zeichenflache-1.png\",\"contentUrl\":\"https:\\\/\\\/peepsapp.ch\\\/wp-content\\\/uploads\\\/2022\\\/08\\\/peeps-logo-web_Zeichenflache-1.png\",\"width\":1920,\"height\":1080,\"caption\":\"Peeps App\"},\"image\":{\"@id\":\"https:\\\/\\\/peepsapp.ch\\\/#\\\/schema\\\/logo\\\/image\\\/\"}}]}<\/script>\n<!-- \/ Yoast SEO plugin. -->","yoast_head_json":{"title":"FAQ Job de r\u00eave | Peeps App","robots":{"index":"index","follow":"follow","max-snippet":"max-snippet:-1","max-image-preview":"max-image-preview:large","max-video-preview":"max-video-preview:-1"},"canonical":"https:\/\/peepsapp.ch\/fr\/faq-job-de-reve\/","og_locale":"fr_FR","og_type":"article","og_title":"FAQ Job de r\u00eave | Peeps App","og_description":"FAQ Job de r\u00eave C\u2019est quoi Peeps ? Peeps est une application qui pr\u00e9sente chaque jour une nouvelle personne, sous la forme de plusieurs articles publi\u00e9s tout au long de la journ\u00e9e. L&rsquo;id\u00e9e est d&rsquo;utiliser des contributions photo, vid\u00e9o, audio et texte pour d\u00e9crire la diversit\u00e9 des jeunes en Suisse, leurs vies et ce qu\u2019ils.elles [&hellip;]","og_url":"https:\/\/peepsapp.ch\/fr\/faq-job-de-reve\/","og_site_name":"Peeps App","article_modified_time":"2023-11-22T09:25:11+00:00","twitter_card":"summary_large_image","twitter_misc":{"Dur\u00e9e de lecture estim\u00e9e":"5 minutes"},"schema":{"@context":"https:\/\/schema.org","@graph":[{"@type":"WebPage","@id":"https:\/\/peepsapp.ch\/fr\/faq-job-de-reve\/","url":"https:\/\/peepsapp.ch\/fr\/faq-job-de-reve\/","name":"FAQ Job de r\u00eave | Peeps App","isPartOf":{"@id":"https:\/\/peepsapp.ch\/#website"},"datePublished":"2023-11-22T09:14:38+00:00","dateModified":"2023-11-22T09:25:11+00:00","breadcrumb":{"@id":"https:\/\/peepsapp.ch\/fr\/faq-job-de-reve\/#breadcrumb"},"inLanguage":"fr-FR","potentialAction":[{"@type":"ReadAction","target":["https:\/\/peepsapp.ch\/fr\/faq-job-de-reve\/"]}]},{"@type":"BreadcrumbList","@id":"https:\/\/peepsapp.ch\/fr\/faq-job-de-reve\/#breadcrumb","itemListElement":[{"@type":"ListItem","position":1,"name":"Home","item":"https:\/\/peepsapp.ch\/fr\/"},{"@type":"ListItem","position":2,"name":"FAQ Job de r\u00eave"}]},{"@type":"WebSite","@id":"https:\/\/peepsapp.ch\/#website","url":"https:\/\/peepsapp.ch\/","name":"Peeps App","description":"Eine weitere WordPress-Website","publisher":{"@id":"https:\/\/peepsapp.ch\/#organization"},"potentialAction":[{"@type":"SearchAction","target":{"@type":"EntryPoint","urlTemplate":"https:\/\/peepsapp.ch\/?s={search_term_string}"},"query-input":{"@type":"PropertyValueSpecification","valueRequired":true,"valueName":"search_term_string"}}],"inLanguage":"fr-FR"},{"@type":"Organization","@id":"https:\/\/peepsapp.ch\/#organization","name":"Peeps App","url":"https:\/\/peepsapp.ch\/","logo":{"@type":"ImageObject","inLanguage":"fr-FR","@id":"https:\/\/peepsapp.ch\/#\/schema\/logo\/image\/","url":"https:\/\/peepsapp.ch\/wp-content\/uploads\/2022\/08\/peeps-logo-web_Zeichenflache-1.png","contentUrl":"https:\/\/peepsapp.ch\/wp-content\/uploads\/2022\/08\/peeps-logo-web_Zeichenflache-1.png","width":1920,"height":1080,"caption":"Peeps App"},"image":{"@id":"https:\/\/peepsapp.ch\/#\/schema\/logo\/image\/"}}]}},"_links":{"self":[{"href":"https:\/\/peepsapp.ch\/fr\/wp-json\/wp\/v2\/pages\/645","targetHints":{"allow":["GET"]}}],"collection":[{"href":"https:\/\/peepsapp.ch\/fr\/wp-json\/wp\/v2\/pages"}],"about":[{"href":"https:\/\/peepsapp.ch\/fr\/wp-json\/wp\/v2\/types\/page"}],"author":[{"embeddable":true,"href":"https:\/\/peepsapp.ch\/fr\/wp-json\/wp\/v2\/users\/2"}],"replies":[{"embeddable":true,"href":"https:\/\/peepsapp.ch\/fr\/wp-json\/wp\/v2\/comments?post=645"}],"version-history":[{"count":5,"href":"https:\/\/peepsapp.ch\/fr\/wp-json\/wp\/v2\/pages\/645\/revisions"}],"predecessor-version":[{"id":659,"href":"https:\/\/peepsapp.ch\/fr\/wp-json\/wp\/v2\/pages\/645\/revisions\/659"}],"wp:attachment":[{"href":"https:\/\/peepsapp.ch\/fr\/wp-json\/wp\/v2\/media?parent=645"}],"curies":[{"name":"wp","href":"https:\/\/api.w.org\/{rel}","templated":true}]}}