{"id":241,"date":"2022-08-22T12:10:18","date_gmt":"2022-08-22T10:10:18","guid":{"rendered":"https:\/\/kotijeqe.cyon.site\/?page_id=241"},"modified":"2022-08-22T12:11:48","modified_gmt":"2022-08-22T10:11:48","slug":"dichiarazione-sulla-protezione","status":"publish","type":"page","link":"https:\/\/peepsapp.ch\/it\/dichiarazione-sulla-protezione\/","title":{"rendered":"Dichiarazione sulla protezione"},"content":{"rendered":"<p>Dichiarazione sulla protezione dei dati di PUBLISHR GmbH<br><br>Versione del 21.01.2022<br><br>Nella presente informativa sulla protezione dei dati noi, PUBLISHR GmbH (in seguito PUBLISHR GmbH, noi o ci) spieghiamo il modo in cui raccogliamo e altrimenti trattiamo i dati personali. Non si tratta di una descrizione esaustiva; \u00e8 possibile che altre informative sulla protezione dei dati o condizioni generali di contratto, condizioni di partecipazione e documenti simili disciplinino fattispecie specifiche. Per dati personali s&#8217;intendono tutte le informazioni relative a una persona identificata o identificabile.<br><br>Se ci metti a disposizione dati personali di altre persone (ad es. membri della famiglia, dati di collegh* di lavoro), assicurati che tali persone conoscano la presente dichiarazione sulla protezione dei dati e comunicaci i loro dati personali solo se sei in possesso della relativa autorizzazione e se questi dati personali sono corretti.<br><br>La presente dichiarazione sulla protezione dei dati si basa sulla legge sulla protezione dei dati (LPD) svizzera. Ritenuto che trattiamo esclusivamente dati personali di persone residenti in Svizzera, in linea di massima il Regolamento generale sulla protezione dei dati dell\u2019UE (RGPD) non si applica. La LPD \u00e8 tuttavia fortemente influenzata dal diritto dell\u2019UE e in determinate circostanze le imprese al di fuori dell\u2019Unione europea risp. dello SEE sono tenute a rispettare il RGPD.<br><br><br><strong>1.&nbsp;Titolare del trattamento<br><\/strong><br>Titolare del trattamento per quanto attiene ai trattamenti dei dati qui descritti \u00e8 PUBLISHR GmbH, Wasserwerkgasse 5, 3011 Berna. Se hai richieste in materia di protezione dei dati, puoi comunicarcele al seguente indirizzo di contatto: publishr@intr.ch<br><br><br><strong>2.Raccolta e trattamento dei dati personali<br><\/strong><br>Trattiamo in primo luogo i dati personali che riceviamo dai\/dalle nostr* clienti e da altr* partner commerciali nell\u2019ambito della nostra relazione d\u2019affari con loro e da altre persone coinvolte o che raccogliamo dagli\/dalle utenti durante l\u2019esercizio della nostra app e di ulteriori applicazioni.<br><br>Trattiamo i dati che risultano nell\u2019ambito dell\u2019utilizzo della nostra app risp. i dati da te forniti (ad esempio al momento della registrazione). Si tratta in particolare dei seguenti dati personali:<\/p><ul class=\"wp-block-list\"><li>nome;<\/li><li>cognome;<\/li><li>indirizzo e-mail;<\/li><li>password;<\/li><li>sesso;<\/li><li>indirizzo, incl. numero civico, numero postale d\u2019avviamento, luogo di domicilio e paese;<\/li><li>numero di telefono;<\/li><li>modalit\u00e0 di pagamento.<\/li><\/ul><p>Trattiamo inoltre i seguenti dati personali delle nostre Personality (a condizione che ci siano stati da loro forniti volontariamente):<\/p><ul class=\"wp-block-list\"><li>profili social media;<\/li><li>coordinate bancarie;<\/li><li>foto;<\/li><li>nonch\u00e9 dati concernenti opinioni o attivit\u00e0 religiose, filosofiche, politiche o sindacali, la salute, la sfera intima, l\u2019appartenenza a un gruppo etnico, misure di aiuto sociale, procedimenti amministrativi o penali.<\/li><\/ul><p>Questi ultimi dati personali sono dati personali degni di particolare protezione. Qualora tu sia ritratto come Personality nella nostra app, puoi scegliere quali dati personali degni di particolare protezione vuoi condividere con noi. Con la presente dichiarazione prendi atto di rendere volontariamente noti questi dati personali degni di particolare protezione e acconsenti espressamente al loro trattamento da parte nostra. In particolare, questi dati personali sono resi visibili agli\/alle utenti nell\u2019ambito del tuo ritratto sulla nostra app.<\/p><p>Oltre ai tuoi dati che ci fornisci direttamente, le categorie di dati personali che ti concernono e che riceviamo da terzi comprendono, in particolare, informazioni in merito al rispetto di prescrizioni legali come, ad esempio, quelle relative alla lotta al riciclaggio di denaro e le restrizioni all\u2019esportazione, informazioni di banche, assicurazioni, partner di distribuzione e nostr* altr* partner contrattuali per la fruizione o la fornitura di prestazioni (ad es. pagamenti e acquisti effettuati), i tuoi indirizzi ed eventualmente interessi, nonch\u00e9 ulteriori dati sociodemografici (per marketing), dati relativi all\u2019utilizzo dell\u2019app (ad es. indirizzo IP, indirizzo MAC dello smartphone o del computer, informazioni in merito al tuo dispositivo e alle tue impostazioni, cookie, data e ora della visita, contenuti consultati, funzioni utilizzate, sito web di provenienza, informazioni sull\u2019ubicazione).<br><br><br><strong>3.&nbsp;Finalit\u00e0 del trattamento dei dati e basi giuridiche<\/strong><\/p><p>Utilizziamo i dati personali da noi raccolti in primo luogo per stipulare ed eseguire i nostri contratti con i\/le nostr* clienti e partner commerciali, in particolare nell\u2019ambito dell\u2019app, dello shop online e dei concorsi, nonch\u00e9 per adempiere ai nostri obblighi legali in Svizzera e all\u2019estero.<br><br>Inoltre, trattiamo i dati personali che concernono te e altre persone, nella misura in cui ci\u00f2 \u00e8 consentito e ci sembra indicato, anche per le seguenti finalit\u00e0 per le quali noi (e talvolta anche terzi) abbiamo un legittimo interesse corrispondente allo scopo:<br><br>stipulazione di contratti;<\/p><ul class=\"wp-block-list\"><li>offerta e ulteriore sviluppo delle nostre offerte, dei nostri servizi e delle nostre app e di ulteriori piattaforme su cui siamo presenti;<\/li><li>comunicazione con terzi e trattamento delle loro richieste (ad es. candidature, richieste dei media);<\/li><li>verifica e ottimizzazione di procedure di analisi dei bisogni per contattare direttamente i\/le clienti, nonch\u00e9 raccolta di dati personali da fonti pubblicamente accessibili ai fini dell\u2019acquisizione di clienti;<\/li><li>pubblicit\u00e0 e marketing (incluso lo svolgimento di eventi), nella misura in cui non ci \u00e8 pervenuta alcuna opposizione da parte tua all\u2019utilizzo dei tuoi dati (se in qualit\u00e0 di cliente esistente ti inviamo pubblicit\u00e0, puoi opporti in qualsiasi momento e ti inseriamo in una lista di blocco per evitare ulteriori invii pubblicitari);<\/li><li>ricerche di mercato e sondaggi di opinione, monitoraggio dei media;<\/li><li>rivendicazione di diritti legali e difesa in relazione a controversie giuridiche e procedure delle autorit\u00e0;<\/li><li>prevenzione e chiarimento di reati e di altri comportamenti scorretti (ad es. svolgimento di indagini interne, analisi dei dati ai fini della lotta alle frodi);<\/li><li>garantire la nostra attivit\u00e0, in particolare l&#8217;IT, le nostre app e ulteriori piattaforme;<\/li><li>videosorveglianza per la salvaguardia del diritto di domicilio e altre misure per la sicurezza informatica, degli edifici e degli impianti, nonch\u00e9 per la protezione del nostro personale, di ulteriori persone e di valori che ci appartengono o a noi affidati (come ad es. controlli degli accessi, liste dei\/delle visitatori\/visitatrici, scansione della rete e della posta elettronica, registrazioni telefoniche);<\/li><li>acquisto e vendita di settori aziendali, societ\u00e0 o parti di societ\u00e0 e altre transazioni di diritto societario, nonch\u00e9 la relativa trasmissione di dati personali e misure per la gestione delle attivit\u00e0 e quanto necessario per il rispetto degli obblighi legali e normativi e delle prescrizioni interne di PUBLISHR GmbH.<\/li><\/ul><p>Se ci hai fornito un consenso al trattamento dei tuoi dati personali per determinate finalit\u00e0 (ad esempio al momento della registrazione all\u2019app), trattiamo i tuoi dati personali nell\u2019ambito e sulla base di tale consenso, nella misura in cui non abbiamo un\u2019altra base giuridica e la stessa \u00e8 necessaria. Un consenso rilasciato pu\u00f2 essere revocato in qualsiasi momento; ci\u00f2 non ha tuttavia alcun effetto sui trattamenti dei dati gi\u00e0 avvenuti.<br><br><br><strong>4.&nbsp;Cookie \/ tracking e altre tecnologie in relazione all\u2019utilizzo del nostro sito web<\/strong><\/p><p>Cookie<br><br>Nella nostra app utilizziamo solitamente \u00abcookie\u00bb e tecniche simili con cui possiamo identificare il tuo browser o dispositivo. Un cookie \u00e8 un piccolo file che viene inviato al tuo computer o memorizzato automaticamente dal browser web utilizzato sul tuo computer o dispositivo mobile quando visiti la nostra app. Se accedi nuovamente all\u2019app, possiamo riconoscerti anche se non sappiamo chi sei. Oltre ai cookie che vengono utilizzati solo durante una sessione e che vengono cancellati dopo la tua visita all\u2019app (\u00abcookie di sessione\u00bb), i cookie possono essere utilizzati anche per memorizzare le impostazioni dell&#8217;utente e altre informazioni per un determinato periodo di tempo (ad es. due anni) (\u00abcookie permanenti\u00bb). Tuttavia, puoi impostare il tuo browser in modo tale che esso rifiuti i cookie, li memorizzi solo per una sessione o altrimenti li cancelli anticipatamente. La maggior parte dei browser sono preimpostati in modo da accettare i cookie. Utilizziamo cookie permanenti per memorizzare le tue impostazioni utente (ad es. lingua, login automatico), per comprendere meglio come utilizzi le nostre offerte e i nostri contenuti e per poter visualizzare offerte e pubblicit\u00e0 in base ai tuoi interessi. Determinati cookie sono installati da noi, mentre altri anche da partner contrattuali con cui collaboriamo. Se blocchi i cookie, \u00e8 possibile che determinate funzionalit\u00e0 (come ad es. la scelta della lingua, il carrello della spesa, i processi di ordinazione) non funzionino pi\u00f9.<br><br>Utilizzando la nostra app acconsenti all\u2019impiego di queste tecniche. In caso contrario, devi impostare il tuo browser di conseguenza.<br><br>Google Analytics<br><br>Talvolta nella nostra app utilizziamo Google Analytics o servizi simili. Si tratta di servizi di terzi che possono trovarsi in qualsiasi paese del mondo (nel caso di Google Analytics \u00e8 Google LLC negli Stati Uniti, www.google.com), con cui possiamo misurare e analizzare l\u2019utilizzo dell\u2019app (non personale). A tal fine vengono utilizzati anche cookie permanenti installati dal\/dalla fornitore\/fornitrice del servizio. Non forniamo dati personali al\/alla fornitore\/fornitrice (che non conserva nemmeno gli indirizzi IP), che pu\u00f2 tuttavia monitorare il tuo utilizzo dell&#8217;app, combinare tali informazioni con i dati di altre app o siti web da te visitati e da questi a loro volta monitorati e utilizzare quanto rilevato per finalit\u00e0 proprie (ad es. gestione della pubblicit\u00e0). In caso di registrazione da parte tua presso il\/la fornitore\/fornitrice di servizi, anche quest\u2019ultimo\/ultima ti conosce. Il trattamento dei tuoi dati personali da parte del\/della fornitore\/fornitrice di servizi avviene in seguito sotto la sua responsabilit\u00e0 conformemente alle sue disposizioni sulla protezione dei dati. Il\/La nostr* fornitore\/fornitrice di servizi ci comunica solo come viene utilizzata la nostra app (nessun dato personale su di te).<br><br>Plug-in e altre integrazioni di offerte di terzi<br><br>Sulla nostra app impieghiamo inoltre i cosiddetti plug-in dei social network come Facebook, Instagram, Spotify, Youtube o TikTok, come chiaramente visibile (solitamente tramite i relativi simboli).<br><br>Se possiedi un conto utente presso tali terzi, \u00e8 eventualmente anche possibile per questi terzi misurare e analizzare il tuo utilizzo delle nostre offerte digitali. In questo contesto, a questi terzi possono essere trasmessi ulteriori dati personali come indirizzo IP, impostazioni personali del browser e altri parametri, che vengono salvati presso gli stessi. In caso di utilizzo di un servizio di social login, come ad esempio Facebook-Connect, il\/la fornitore\/fornitrice di servizi pu\u00f2 trasmetterci dati personali che ti riguardano in suo possesso, come nome, indirizzo e-mail e immagine del profilo. Non abbiamo alcun controllo riguardo all\u2019utilizzo di dati personali raccolti in tal modo da terzi e non ci assumiamo alcuna responsabilit\u00e0. Informazioni in merito alla raccolta e all\u2019utilizzo dei dati da parte di fornitori\/fornitrici terz* di servizi sono disponibili nelle loro rispettive informative sulla protezione dei dati.<\/p><p><strong>5. Trasmissione dei dati<\/strong><\/p><p>Nell&#8217;ambito delle nostre attivit\u00e0 aziendali e delle finalit\u00e0 indicate alla cifra \u00abFinalit\u00e0 del trattamento dei dati e basi giuridiche\u00bb, nella misura consentita e che ci sembra indicata, comunichiamo i dati anche a terzi, che li trattano per noi o che li utilizzano per finalit\u00e0 proprie. Si tratta in particolare dei seguenti enti:<\/p><ul class=\"wp-block-list\"><li>nostr* fornitori\/fornitrici (segnatamente la nostra societ\u00e0 madre, la INTR AG, nonch\u00e9 le app with Love AG e il Blinden- und Behindertenzentrum Bern AG), inclusi responsabili del trattamento (come ad es. provider IT);<\/li><li>commercianti, fornitori\/fornitrici, subappaltatori\/subappaltatrici e altr* partner commerciali;<\/li><li>clienti;<\/li><li>autorit\u00e0, uffici pubblici o tribunali;<\/li><li>media;<\/li><li>pubblico, inclusi utenti di siti web e social media;<\/li><li>concorrenti, organizzazioni di categoria, associazioni, organizzazioni e altri organi;<\/li><li>acquirenti o persone interessate all\u2019acquisto della societ\u00e0 o di settori di attivit\u00e0 o di altre parti di PUBLISHR GmbH o INTR AG;<\/li><li>altre parti in procedure giudiziarie possibili o in corso.<\/li><\/ul><p><strong>6.Durata della conservazione dei dati personali<\/strong><br><br>Trattiamo e conserviamo i tuoi dati personali finch\u00e9 ci\u00f2 \u00e8 necessario per l\u2019adempimento dei nostri obblighi contrattuali e legali o altrimenti per le finalit\u00e0 perseguite con il trattamento ossia, ad esempio, per la durata dell\u2019intera relazione d\u2019affari (dall&#8217;inizio, passando per l&#8217;esecuzione e sino alla cessazione di un contratto), nonch\u00e9 altres\u00ec conformemente agli obblighi legali di conservazione e documentazione. In questo contesto \u00e8 possibile che i dati personali siano conservati per il periodo in cui possono essere fatte valere pretese nei confronti della nostra azienda e nella misura in cui siamo altrimenti tenuti per legge alla conservazione o legittimi interessi aziendali lo richiedano (ad es. per finalit\u00e0 di prova e documentazione). Non appena non sono pi\u00f9 necessari per le summenzionate finalit\u00e0, i tuoi dati personali sono, in linea di massima e per quanto possibile, cancellati o resi anonimi. &nbsp;<br><br><br><strong>7.<\/strong><strong>Sicurezza dei dati<\/strong><\/p><p>Adottiamo adeguate misure di sicurezza tecniche e organizzative per proteggere i tuoi dati personali dall\u2019accesso non autorizzato e dall\u2019abuso. Tali misure vengono di volta in volta adeguate allo stato attuale della tecnica.<br><br><br><strong>8. Obbligo di mettere a disposizione dati personali<\/strong><br><br>Nell\u2019ambito della nostra relazione d\u2019affari devi mettere a disposizione i dati personali che sono necessari per l\u2019avvio e lo svolgimento di una relazione d\u2019affari e per l\u2019adempimento dei relativi obblighi contrattuali (di regola non hai alcun obbligo legale di fornirci i dati). Senza questi dati, non saremo di regola in grado di stipulare un contratto con te (o con l\u2019ente o la persona che rappresenti) o di eseguirlo. Anche l\u2019app non pu\u00f2 essere utilizzata se non vengono resi noti determinati dati per garantire il traffico dati (come ad es. l&#8217;indirizzo IP).<\/p><p><strong>9. Profilazione<\/strong><\/p><p>Trattiamo i tuoi dati personali in parte in maniera automatizzata per analizzare determinati aspetti personali (profilazione). Impieghiamo la profilazione in particolare per poterti informare e consigliare in modo mirato in merito ai prodotti. In questo contesto impieghiamo strumenti di analisi che ci consentono una comunicazione e pubblicit\u00e0 adeguate alle esigenze, inclusi ricerche di mercato e sondaggi d&#8217;opinione.<br><br><br><strong>10.<\/strong><strong>Diritti della persona interessata<\/strong><\/p><p>Nel quadro del diritto sulla protezione dei dati a te applicabile e nella misura in cui sia previsto da tale diritto (come ad esempio nel caso del RGPD), hai il diritto di accesso, di rettifica, di cancellazione, di limitazione del trattamento dei dati e altrimenti di opposizione ai nostri trattamenti dei dati, nonch\u00e9 alla consegna di determinati dati personali ai fini del trasferimento a un altro ente (cosiddetta portabilit\u00e0 dei dati). Considera tuttavia che da parte nostra ci riserviamo di far valere le limitazioni previste dalla legge, ad esempio se siamo tenuti a conservare o trattare determinati dati, se abbiamo un relativo interesse preponderante (nella misura in cui possiamo appellarci a tale interesse) o se necessitiamo di tali dati per la rivendicazione di diritti. Qualora risultassero dei costi a tuo carico, ti informeremo anticipatamente. La possibilit\u00e0 di revocare il tuo consenso \u00e8 gi\u00e0 stata illustrata alla cifra Finalit\u00e0 del trattamento dei dati e basi giuridiche. Tieni in considerazione che l\u2019esercizio di questi diritti pu\u00f2 collidere con eventuali accordi contrattuali e pu\u00f2 avere conseguenze come ad es. la risoluzione anticipata del contratto o in termini di costi. In tal caso ti informeremo anticipatamente, laddove ci\u00f2 non sia gi\u00e0 disciplinato contrattualmente.<br><br>L\u2019esercizio di tali diritti presuppone di regola che tu dimostri in modo univoco la tua identit\u00e0 (ad es. tramite una copia del documento d\u2019identit\u00e0, laddove la tua identit\u00e0 non \u00e8 altrimenti chiara risp. non pu\u00f2 essere verificata). Per far valere i tuoi diritti, puoi contattarci all\u2019indirizzo indicato alla cifra Titolare del trattamento.<br><br>Ogni persona interessata ha inoltre il diritto di far valere in giudizio i propri diritti o di presentare un reclamo all&#8217;autorit\u00e0 competente in materia di protezione dei dati. L\u2019autorit\u00e0 svizzera competente in materia di protezione dei dati \u00e8 l\u2019Incaricato federale della protezione dei dati e della trasparenza (https:\/\/www.edoeb.admin.ch\/edoeb\/it\/home.html).<\/p><p><strong>11. Modifiche<\/strong><\/p><p>Possiamo adeguare la presente dichiarazione sulla protezione dei dati in qualsiasi momento, senza preavviso. Fa fede la versione attuale di volta in volta pubblicata sulla nostra app.<br><br>Ti preghiamo di rileggere regolarmente la presente dichiarazione sulla protezione dei dati per conoscere sempre gli ultimi aggiornamenti in merito all&#8217;utilizzo dei tuoi dati personali da parte nostra e al modo in cui pu\u00f2 tutelare i tuoi diritti.<\/p><p>Publishr GmbH<br>Wasserwerkgasse 5<br>3011 Bern<\/p>","protected":false},"excerpt":{"rendered":"<p>Dichiarazione sulla protezione dei dati di PUBLISHR GmbH Versione del 21.01.2022 Nella presente informativa sulla protezione dei dati noi, PUBLISHR GmbH (in seguito PUBLISHR GmbH, noi o ci) spieghiamo il modo in cui raccogliamo e altrimenti trattiamo i dati personali. Non si tratta di una descrizione esaustiva; \u00e8 possibile che altre informative sulla protezione dei [&hellip;]<\/p>\n","protected":false},"author":1,"featured_media":0,"parent":0,"menu_order":5,"comment_status":"closed","ping_status":"closed","template":"","meta":{"footnotes":""},"class_list":["post-241","page","type-page","status-publish","hentry"],"acf":[],"yoast_head":"<!-- This site is optimized with the Yoast SEO plugin v27.4 - https:\/\/yoast.com\/product\/yoast-seo-wordpress\/ -->\n<title>Dichiarazione sulla protezione | Peeps App<\/title>\n<meta name=\"robots\" content=\"index, follow, max-snippet:-1, max-image-preview:large, max-video-preview:-1\" \/>\n<link rel=\"canonical\" href=\"https:\/\/peepsapp.ch\/it\/dichiarazione-sulla-protezione\/\" \/>\n<meta property=\"og:locale\" content=\"it_IT\" \/>\n<meta property=\"og:type\" content=\"article\" \/>\n<meta property=\"og:title\" content=\"Dichiarazione sulla protezione | Peeps App\" \/>\n<meta property=\"og:description\" content=\"Dichiarazione sulla protezione dei dati di PUBLISHR GmbH Versione del 21.01.2022 Nella presente informativa sulla protezione dei dati noi, PUBLISHR GmbH (in seguito PUBLISHR GmbH, noi o ci) spieghiamo il modo in cui raccogliamo e altrimenti trattiamo i dati personali. Non si tratta di una descrizione esaustiva; \u00e8 possibile che altre informative sulla protezione dei [&hellip;]\" \/>\n<meta property=\"og:url\" content=\"https:\/\/peepsapp.ch\/it\/dichiarazione-sulla-protezione\/\" \/>\n<meta property=\"og:site_name\" content=\"Peeps App\" \/>\n<meta property=\"article:modified_time\" content=\"2022-08-22T10:11:48+00:00\" \/>\n<meta name=\"twitter:card\" content=\"summary_large_image\" \/>\n<meta name=\"twitter:label1\" content=\"Tempo di lettura stimato\" \/>\n\t<meta name=\"twitter:data1\" content=\"15 minuti\" \/>\n<script type=\"application\/ld+json\" class=\"yoast-schema-graph\">{\"@context\":\"https:\\\/\\\/schema.org\",\"@graph\":[{\"@type\":\"WebPage\",\"@id\":\"https:\\\/\\\/peepsapp.ch\\\/it\\\/dichiarazione-sulla-protezione\\\/\",\"url\":\"https:\\\/\\\/peepsapp.ch\\\/it\\\/dichiarazione-sulla-protezione\\\/\",\"name\":\"Dichiarazione sulla protezione | Peeps App\",\"isPartOf\":{\"@id\":\"https:\\\/\\\/peepsapp.ch\\\/#website\"},\"datePublished\":\"2022-08-22T10:10:18+00:00\",\"dateModified\":\"2022-08-22T10:11:48+00:00\",\"breadcrumb\":{\"@id\":\"https:\\\/\\\/peepsapp.ch\\\/it\\\/dichiarazione-sulla-protezione\\\/#breadcrumb\"},\"inLanguage\":\"it-IT\",\"potentialAction\":[{\"@type\":\"ReadAction\",\"target\":[\"https:\\\/\\\/peepsapp.ch\\\/it\\\/dichiarazione-sulla-protezione\\\/\"]}]},{\"@type\":\"BreadcrumbList\",\"@id\":\"https:\\\/\\\/peepsapp.ch\\\/it\\\/dichiarazione-sulla-protezione\\\/#breadcrumb\",\"itemListElement\":[{\"@type\":\"ListItem\",\"position\":1,\"name\":\"Home\",\"item\":\"https:\\\/\\\/peepsapp.ch\\\/it\\\/\"},{\"@type\":\"ListItem\",\"position\":2,\"name\":\"Dichiarazione sulla protezione\"}]},{\"@type\":\"WebSite\",\"@id\":\"https:\\\/\\\/peepsapp.ch\\\/#website\",\"url\":\"https:\\\/\\\/peepsapp.ch\\\/\",\"name\":\"Peeps App\",\"description\":\"Eine weitere WordPress-Website\",\"publisher\":{\"@id\":\"https:\\\/\\\/peepsapp.ch\\\/#organization\"},\"potentialAction\":[{\"@type\":\"SearchAction\",\"target\":{\"@type\":\"EntryPoint\",\"urlTemplate\":\"https:\\\/\\\/peepsapp.ch\\\/?s={search_term_string}\"},\"query-input\":{\"@type\":\"PropertyValueSpecification\",\"valueRequired\":true,\"valueName\":\"search_term_string\"}}],\"inLanguage\":\"it-IT\"},{\"@type\":\"Organization\",\"@id\":\"https:\\\/\\\/peepsapp.ch\\\/#organization\",\"name\":\"Peeps App\",\"url\":\"https:\\\/\\\/peepsapp.ch\\\/\",\"logo\":{\"@type\":\"ImageObject\",\"inLanguage\":\"it-IT\",\"@id\":\"https:\\\/\\\/peepsapp.ch\\\/#\\\/schema\\\/logo\\\/image\\\/\",\"url\":\"https:\\\/\\\/peepsapp.ch\\\/wp-content\\\/uploads\\\/2022\\\/08\\\/peeps-logo-web_Zeichenflache-1.png\",\"contentUrl\":\"https:\\\/\\\/peepsapp.ch\\\/wp-content\\\/uploads\\\/2022\\\/08\\\/peeps-logo-web_Zeichenflache-1.png\",\"width\":1920,\"height\":1080,\"caption\":\"Peeps App\"},\"image\":{\"@id\":\"https:\\\/\\\/peepsapp.ch\\\/#\\\/schema\\\/logo\\\/image\\\/\"}}]}<\/script>\n<!-- \/ Yoast SEO plugin. -->","yoast_head_json":{"title":"Dichiarazione sulla protezione | Peeps App","robots":{"index":"index","follow":"follow","max-snippet":"max-snippet:-1","max-image-preview":"max-image-preview:large","max-video-preview":"max-video-preview:-1"},"canonical":"https:\/\/peepsapp.ch\/it\/dichiarazione-sulla-protezione\/","og_locale":"it_IT","og_type":"article","og_title":"Dichiarazione sulla protezione | Peeps App","og_description":"Dichiarazione sulla protezione dei dati di PUBLISHR GmbH Versione del 21.01.2022 Nella presente informativa sulla protezione dei dati noi, PUBLISHR GmbH (in seguito PUBLISHR GmbH, noi o ci) spieghiamo il modo in cui raccogliamo e altrimenti trattiamo i dati personali. Non si tratta di una descrizione esaustiva; \u00e8 possibile che altre informative sulla protezione dei [&hellip;]","og_url":"https:\/\/peepsapp.ch\/it\/dichiarazione-sulla-protezione\/","og_site_name":"Peeps App","article_modified_time":"2022-08-22T10:11:48+00:00","twitter_card":"summary_large_image","twitter_misc":{"Tempo di lettura stimato":"15 minuti"},"schema":{"@context":"https:\/\/schema.org","@graph":[{"@type":"WebPage","@id":"https:\/\/peepsapp.ch\/it\/dichiarazione-sulla-protezione\/","url":"https:\/\/peepsapp.ch\/it\/dichiarazione-sulla-protezione\/","name":"Dichiarazione sulla protezione | Peeps App","isPartOf":{"@id":"https:\/\/peepsapp.ch\/#website"},"datePublished":"2022-08-22T10:10:18+00:00","dateModified":"2022-08-22T10:11:48+00:00","breadcrumb":{"@id":"https:\/\/peepsapp.ch\/it\/dichiarazione-sulla-protezione\/#breadcrumb"},"inLanguage":"it-IT","potentialAction":[{"@type":"ReadAction","target":["https:\/\/peepsapp.ch\/it\/dichiarazione-sulla-protezione\/"]}]},{"@type":"BreadcrumbList","@id":"https:\/\/peepsapp.ch\/it\/dichiarazione-sulla-protezione\/#breadcrumb","itemListElement":[{"@type":"ListItem","position":1,"name":"Home","item":"https:\/\/peepsapp.ch\/it\/"},{"@type":"ListItem","position":2,"name":"Dichiarazione sulla protezione"}]},{"@type":"WebSite","@id":"https:\/\/peepsapp.ch\/#website","url":"https:\/\/peepsapp.ch\/","name":"Peeps App","description":"Eine weitere WordPress-Website","publisher":{"@id":"https:\/\/peepsapp.ch\/#organization"},"potentialAction":[{"@type":"SearchAction","target":{"@type":"EntryPoint","urlTemplate":"https:\/\/peepsapp.ch\/?s={search_term_string}"},"query-input":{"@type":"PropertyValueSpecification","valueRequired":true,"valueName":"search_term_string"}}],"inLanguage":"it-IT"},{"@type":"Organization","@id":"https:\/\/peepsapp.ch\/#organization","name":"Peeps App","url":"https:\/\/peepsapp.ch\/","logo":{"@type":"ImageObject","inLanguage":"it-IT","@id":"https:\/\/peepsapp.ch\/#\/schema\/logo\/image\/","url":"https:\/\/peepsapp.ch\/wp-content\/uploads\/2022\/08\/peeps-logo-web_Zeichenflache-1.png","contentUrl":"https:\/\/peepsapp.ch\/wp-content\/uploads\/2022\/08\/peeps-logo-web_Zeichenflache-1.png","width":1920,"height":1080,"caption":"Peeps App"},"image":{"@id":"https:\/\/peepsapp.ch\/#\/schema\/logo\/image\/"}}]}},"_links":{"self":[{"href":"https:\/\/peepsapp.ch\/it\/wp-json\/wp\/v2\/pages\/241","targetHints":{"allow":["GET"]}}],"collection":[{"href":"https:\/\/peepsapp.ch\/it\/wp-json\/wp\/v2\/pages"}],"about":[{"href":"https:\/\/peepsapp.ch\/it\/wp-json\/wp\/v2\/types\/page"}],"author":[{"embeddable":true,"href":"https:\/\/peepsapp.ch\/it\/wp-json\/wp\/v2\/users\/1"}],"replies":[{"embeddable":true,"href":"https:\/\/peepsapp.ch\/it\/wp-json\/wp\/v2\/comments?post=241"}],"version-history":[{"count":2,"href":"https:\/\/peepsapp.ch\/it\/wp-json\/wp\/v2\/pages\/241\/revisions"}],"predecessor-version":[{"id":244,"href":"https:\/\/peepsapp.ch\/it\/wp-json\/wp\/v2\/pages\/241\/revisions\/244"}],"wp:attachment":[{"href":"https:\/\/peepsapp.ch\/it\/wp-json\/wp\/v2\/media?parent=241"}],"curies":[{"name":"wp","href":"https:\/\/api.w.org\/{rel}","templated":true}]}}