{"id":311,"date":"2022-08-24T17:29:53","date_gmt":"2022-08-24T15:29:53","guid":{"rendered":"https:\/\/kotijeqe.cyon.site\/?page_id=311"},"modified":"2022-08-29T14:56:33","modified_gmt":"2022-08-29T12:56:33","slug":"hi-peeps","status":"publish","type":"page","link":"https:\/\/peepsapp.ch\/it\/hi-peeps\/","title":{"rendered":"Hi Peeps"},"content":{"rendered":"<div class=\"wp-block-columns is-layout-flex wp-container-core-columns-is-layout-9d6595d7 wp-block-columns-is-layout-flex\"><div class=\"wp-block-column is-layout-flow wp-block-column-is-layout-flow\"><h1 class=\"wp-block-heading\">Hi Peeps<\/h1>\n\n<div style=\"height:80px\" aria-hidden=\"true\" class=\"wp-block-spacer\"><\/div>\n\n<div class=\"wp-block-columns is-layout-flex wp-container-core-columns-is-layout-9d6595d7 wp-block-columns-is-layout-flex\"><div class=\"wp-block-column is-layout-flow wp-block-column-is-layout-flow\"><div class=\"wp-block-image\"><figure class=\"aligncenter size-full is-resized\"><a class=\"download\" href=\"https:\/\/apps.apple.com\/ch\/app\/peeps-people-stories-shop\/id1605104570\" target=\"_blank\" rel=\"noreferrer noopener\"><img loading=\"lazy\" decoding=\"async\" src=\"https:\/\/peepsapp.ch\/wp-content\/uploads\/2022\/08\/appstore-it.png\" alt=\"\" class=\"wp-image-360\" width=\"225\" height=\"51\" srcset=\"https:\/\/peepsapp.ch\/wp-content\/uploads\/2022\/08\/appstore-it.png 450w, https:\/\/peepsapp.ch\/wp-content\/uploads\/2022\/08\/appstore-it-300x68.png 300w\" sizes=\"auto, (max-width: 225px) 100vw, 225px\" \/><\/a><\/figure><\/div><\/div>\n\n<div class=\"wp-block-column is-layout-flow wp-block-column-is-layout-flow\"><div class=\"wp-block-image\"><figure class=\"aligncenter size-full is-resized\"><a class=\"download\" href=\"https:\/\/play.google.com\/store\/apps\/details?id=ch.publishr.peeps\" target=\"_blank\" rel=\"noreferrer noopener\"><img loading=\"lazy\" decoding=\"async\" src=\"https:\/\/peepsapp.ch\/wp-content\/uploads\/2022\/08\/googleplay-it.png\" alt=\"\" class=\"wp-image-366\" width=\"225\" height=\"51\" srcset=\"https:\/\/peepsapp.ch\/wp-content\/uploads\/2022\/08\/googleplay-it.png 450w, https:\/\/peepsapp.ch\/wp-content\/uploads\/2022\/08\/googleplay-it-300x68.png 300w\" sizes=\"auto, (max-width: 225px) 100vw, 225px\" \/><\/a><\/figure><\/div><\/div><\/div>\n\n<div style=\"height:40px\" aria-hidden=\"true\" class=\"wp-block-spacer\"><\/div>\n\n<p>Peeps offre giornalmente, 365 giorni l&#8217;anno<\/p>\n\n<ul class=\"wp-block-list\"><li>contenuti interessanti e variati<\/li><li>prodotti di qualit\u00e0 a met\u00e0 prezzo nel proprio negozio online<\/li><li>estrazioni a sorte<\/li><\/ul>\n\n<p>Peeps non \u00e8 \u00abancora di pi\u00f9, sempre della stessa roba\u00bb, bens\u00ec \u00abqualcosa di diverso ogni volta\u00bb. Un mezzo per uscire ogni giorno dalla propria bolla. Perch\u00e9 gli algoritmi e i cookie possono essere utili, ma spesso rendono difficile uscire dalla propria zona di conforto e dalle tendenze che si sequono.<\/p>\n\n<p>Peeps presenta ogni giorno una persona diversa con una serie di contributi pubblicati man mano nel corso della giornata. Mostriamo la diversit\u00e0 dei giovani in Svizzera, i loro diversi stili di vita e le loro cose preferite. Il tutto attraversa contributi basati su foto, video, audio e testo.<\/p><\/div>\n\n<div class=\"wp-block-column is-layout-flow wp-block-column-is-layout-flow\"><div id=\"gutenslider-pmx2rgt0r\" class=\"wp-block-eedee-block-gutenslider gs-frontend content-fixed alignnone arrow-style-1 arrow-position-sides arrow-mb-none arrows-lg-none arrows-md-none arrows-sm-none dot-style-1 dots-lg-none dots-md-none dots-sm-none dot-position-bottom is-position-center-center mb-none wrap-auto-height\" style=\"--gutenslider-min-height: 100vh;--gutenslider-arrow-size: 30px;--gutenslider-dot-size: 25px;--gutenslider-arrow-color: #ffffff;--gutenslider-dot-color: #ffffff;--gutenslider-padding-y-mobile: 40px;--gutenslider-padding-x-mobile: 40px;--gutenslider-padding-y-tablet: 40px;--gutenslider-padding-x-tablet: 40px;--gutenslider-padding-y-desktop: 40px;--gutenslider-padding-x-desktop: 40px;--gutenslider-bg-image: url();--gutenslider-min-height-md: 50vh;--gutenslider-min-height-sm: 50vh;--gutenslider-padding-x: 40px;--gutenslider-padding-x-md: 40px;--gutenslider-padding-x-sm: 20px;--gutenslider-padding-y: 40px;--gutenslider-padding-y-md: 40px;--gutenslider-padding-y-sm: 20px;--gutenslider-arrow-size-md: 30px;--gutenslider-arrow-size-sm: 30px;--gutenslider-dot-size-md: 25px;--gutenslider-dot-size-sm: 25px;--gutenslider-arrow-bg-color: transparent;--gutenslider-arrow-hover-color: #eeeeee;--gutenslider-arrow-bg-hover-color: transparent;--gutenslider-arrow-x-offset: 10px;--gutenslider-arrow-x-offset-md: 10px;--gutenslider-arrow-x-offset-sm: 10px;--gutenslider-arrow-y-offset: 0px;--gutenslider-arrow-y-offset-md: 0px;--gutenslider-arrow-y-offset-sm: 0px;--gutenslider-arrow-x-spacing: 0px;--gutenslider-dot-y-offset: 10px;--gutenslider-dot-y-offset-md: 10px;--gutenslider-dot-y-offset-sm: 10px;--gutenslider-margin-x: 0px;--gutenslider-margin-x-md: 0px;--gutenslider-margin-x-sm: 0px;--gutenslider-margin-y: 0px;--gutenslider-margin-y-md: 0px;--gutenslider-margin-y-sm: 0px;--gutenslider-divider-top: 60px;--gutenslider-divider-bottom: 60px;--gutenslider-lightgallery-bg: #ffffff;--gutenslider-lightgallery-font: #000000;--gs-first-pos: 50% 50%;--gs-gap-vertical: var( --wp--style--gallery-gap-default, var( --gallery-block--gutter-size, var( --wp--style--block-gap, 0.5em ) ) );--gs-gap-horizontal: var( --wp--style--gallery-gap-default, var( --gallery-block--gutter-size, var( --wp--style--block-gap, 0.5em ) ) );\" data-parallax-direction=\"down\" data-parallax-amount=\"1.3\" data-lg-transition=\"lg-slide\" data-hash=\"\"><div class=\"eedee-swiper-outer\"><div class=\"gutenslider-divider-top\" style=\"color:#fff;\"><\/div><div class=\"swiper\" data-settings='{\"autoplay\":{\"delay\":3000,\"pauseOnMouseEnter\":true,\"disableOnInteraction\":false},\"speed\":700,\"direction\":\"horizontal\",\"autoHeight\":\"\",\"loop\":true,\"centeredSlides\":true,\"spaceBetween\":0,\"slidesPerView\":1,\"slidesPerGroup\":1,\"effect\":\"fade\",\"coverflowEffect\":{\"rotate\":30,\"slideShadows\":false,\"depth\":100,\"stretch\":50,\"modifier\":1},\"fadeEffect\":{\"crossFade\":true},\"zoom\":\"\",\"navigation\":{\"nextEl\":\"#gutenslider-pmx2rgt0r .eedee-gutenslider-next\",\"prevEl\":\"#gutenslider-pmx2rgt0r .eedee-gutenslider-prev\"},\"pagination\":{\"type\":\"bullets\",\"clickable\":true,\"dynamicBullets\":false,\"el\":\"#gutenslider-pmx2rgt0r .eedee-gutenslider-pagination\"},\"pauseOnHover\":\"1\",\"watchSlidesProgress\":true,\"watchSlidesVisibility\":true,\"settingsMd\":{\"autoHeight\":\"\",\"slidesPerView\":1,\"slidesPerGroup\":1,\"spaceBetween\":0,\"loop\":true},\"settingsLg\":{\"autoHeight\":\"\",\"slidesPerView\":1,\"slidesPerGroup\":1,\"spaceBetween\":0,\"loop\":true},\"hasLg\":false,\"hasLgCounter\":true,\"isFullScreen\":false,\"arrowsFollowMouse\":false,\"lgTitle\":\"none\",\"lgCaption\":\"none\",\"lgThumbnails\":true,\"lgZoomEnabled\":false,\"keyboard\":false,\"hashNavigation\":false,\"dividers\":false}'><div class=\"swiper-wrapper\">\n<div class=\"swiper-slide wp-block-eedee-block-gutenslide is-position-center-center ed-bg-image\" style=\"--ed-vw:200;--ed-vh:300;\" data-hash=\"\"><div class=\"eedee-background-div bg-image\"><img loading=\"lazy\" width=\"683\" height=\"1024\" class=\"wp-image-394\" src=\"https:\/\/peepsapp.ch\/wp-content\/uploads\/2022\/08\/peeps-mockup-3-22-683x1024.jpg\" alt=\"\" decoding=\"async\" style=\"object-fit: cover; object-position: 50% 50%;\"  data-title=\"peeps-mockup-3-22\" srcset=\"https:\/\/peepsapp.ch\/wp-content\/uploads\/2022\/08\/peeps-mockup-3-22-683x1024.jpg 683w, https:\/\/peepsapp.ch\/wp-content\/uploads\/2022\/08\/peeps-mockup-3-22-200x300.jpg 200w, https:\/\/peepsapp.ch\/wp-content\/uploads\/2022\/08\/peeps-mockup-3-22-768x1152.jpg 768w, https:\/\/peepsapp.ch\/wp-content\/uploads\/2022\/08\/peeps-mockup-3-22-1600x2400.jpg 1600w, https:\/\/peepsapp.ch\/wp-content\/uploads\/2022\/08\/peeps-mockup-3-22-1024x1536.jpg 1024w, https:\/\/peepsapp.ch\/wp-content\/uploads\/2022\/08\/peeps-mockup-3-22-1365x2048.jpg 1365w, https:\/\/peepsapp.ch\/wp-content\/uploads\/2022\/08\/peeps-mockup-3-22-scaled.jpg 1707w\" sizes=\"auto, (max-width: 683px) 100vw, 683px\" \/><div class=\"eedee-background-div__overlay\" style=\"opacity:1;\"><\/div><\/div><div class=\"slide-content\">\n<p class=\"has-text-align-center gutenslider-content-initial has-larger-font-size\"><\/p>\n<\/div><\/div>\n\n<div class=\"swiper-slide wp-block-eedee-block-gutenslide is-position-center-center ed-bg-image\" style=\"--ed-vw:200;--ed-vh:300;\" data-hash=\"\"><div class=\"eedee-background-div bg-image\"><img loading=\"lazy\" width=\"683\" height=\"1024\" class=\"wp-image-391\" src=\"https:\/\/peepsapp.ch\/wp-content\/uploads\/2022\/08\/peeps-mockup-3-2-683x1024.jpg\" alt=\"\" decoding=\"async\" style=\"object-fit: cover; object-position: 50% 50%;\"  data-title=\"peeps-mockup-3-2\" srcset=\"https:\/\/peepsapp.ch\/wp-content\/uploads\/2022\/08\/peeps-mockup-3-2-683x1024.jpg 683w, https:\/\/peepsapp.ch\/wp-content\/uploads\/2022\/08\/peeps-mockup-3-2-200x300.jpg 200w, https:\/\/peepsapp.ch\/wp-content\/uploads\/2022\/08\/peeps-mockup-3-2-768x1152.jpg 768w, https:\/\/peepsapp.ch\/wp-content\/uploads\/2022\/08\/peeps-mockup-3-2-1600x2400.jpg 1600w, https:\/\/peepsapp.ch\/wp-content\/uploads\/2022\/08\/peeps-mockup-3-2-1024x1536.jpg 1024w, https:\/\/peepsapp.ch\/wp-content\/uploads\/2022\/08\/peeps-mockup-3-2-1365x2048.jpg 1365w, https:\/\/peepsapp.ch\/wp-content\/uploads\/2022\/08\/peeps-mockup-3-2-scaled.jpg 1707w\" sizes=\"auto, (max-width: 683px) 100vw, 683px\" \/><div class=\"eedee-background-div__overlay\" style=\"opacity:1;\"><\/div><\/div><div class=\"slide-content\">\n<p class=\"has-text-align-center gutenslider-content-initial has-larger-font-size\"><\/p>\n<\/div><\/div>\n\n<div class=\"swiper-slide wp-block-eedee-block-gutenslide is-position-center-center ed-bg-image\" style=\"--ed-vw:1;--ed-vh:1;\" data-hash=\"\"><div class=\"eedee-background-div bg-image\"><img class=\"wp-image-388\" src=\"https:\/\/peepsapp.ch\/wp-content\/uploads\/2022\/08\/peeps-mockup-3-2-3.png\" alt=\"\" decoding=\"async\" style=\"object-fit: cover; object-position: 50% 50%;\"  data-title=\"peeps-mockup-3-2-3\" \/><div class=\"eedee-background-div__overlay\" style=\"opacity:1;\"><\/div><\/div><div class=\"slide-content\">\n<p class=\"has-text-align-center gutenslider-content-initial has-larger-font-size\"><\/p>\n<\/div><\/div>\n<\/div><\/div><div class=\"wp-block-eedee-gutenslider__content co-1\">\n<div class=\"swiper-slide wp-block-eedee-block-gutenslide is-position-center-center ed-bg-image\" style=\"--ed-vw:200;--ed-vh:300;\" data-hash=\"\"><div class=\"eedee-background-div bg-image\"><img loading=\"lazy\" width=\"683\" height=\"1024\" class=\"wp-image-394\" src=\"https:\/\/peepsapp.ch\/wp-content\/uploads\/2022\/08\/peeps-mockup-3-22-683x1024.jpg\" alt=\"\" decoding=\"async\" style=\"object-fit: cover; object-position: 50% 50%;\"  data-title=\"peeps-mockup-3-22\" srcset=\"https:\/\/peepsapp.ch\/wp-content\/uploads\/2022\/08\/peeps-mockup-3-22-683x1024.jpg 683w, https:\/\/peepsapp.ch\/wp-content\/uploads\/2022\/08\/peeps-mockup-3-22-200x300.jpg 200w, https:\/\/peepsapp.ch\/wp-content\/uploads\/2022\/08\/peeps-mockup-3-22-768x1152.jpg 768w, https:\/\/peepsapp.ch\/wp-content\/uploads\/2022\/08\/peeps-mockup-3-22-1600x2400.jpg 1600w, https:\/\/peepsapp.ch\/wp-content\/uploads\/2022\/08\/peeps-mockup-3-22-1024x1536.jpg 1024w, https:\/\/peepsapp.ch\/wp-content\/uploads\/2022\/08\/peeps-mockup-3-22-1365x2048.jpg 1365w, https:\/\/peepsapp.ch\/wp-content\/uploads\/2022\/08\/peeps-mockup-3-22-scaled.jpg 1707w\" sizes=\"auto, (max-width: 683px) 100vw, 683px\" \/><div class=\"eedee-background-div__overlay\" style=\"opacity:1;\"><\/div><\/div><div class=\"slide-content\">\n<p class=\"has-text-align-center gutenslider-content-initial has-larger-font-size\"><\/p>\n<\/div><\/div>\n\n<div class=\"swiper-slide wp-block-eedee-block-gutenslide is-position-center-center ed-bg-image\" style=\"--ed-vw:200;--ed-vh:300;\" data-hash=\"\"><div class=\"eedee-background-div bg-image\"><img loading=\"lazy\" width=\"683\" height=\"1024\" class=\"wp-image-391\" src=\"https:\/\/peepsapp.ch\/wp-content\/uploads\/2022\/08\/peeps-mockup-3-2-683x1024.jpg\" alt=\"\" decoding=\"async\" style=\"object-fit: cover; object-position: 50% 50%;\"  data-title=\"peeps-mockup-3-2\" srcset=\"https:\/\/peepsapp.ch\/wp-content\/uploads\/2022\/08\/peeps-mockup-3-2-683x1024.jpg 683w, https:\/\/peepsapp.ch\/wp-content\/uploads\/2022\/08\/peeps-mockup-3-2-200x300.jpg 200w, https:\/\/peepsapp.ch\/wp-content\/uploads\/2022\/08\/peeps-mockup-3-2-768x1152.jpg 768w, https:\/\/peepsapp.ch\/wp-content\/uploads\/2022\/08\/peeps-mockup-3-2-1600x2400.jpg 1600w, https:\/\/peepsapp.ch\/wp-content\/uploads\/2022\/08\/peeps-mockup-3-2-1024x1536.jpg 1024w, https:\/\/peepsapp.ch\/wp-content\/uploads\/2022\/08\/peeps-mockup-3-2-1365x2048.jpg 1365w, https:\/\/peepsapp.ch\/wp-content\/uploads\/2022\/08\/peeps-mockup-3-2-scaled.jpg 1707w\" sizes=\"auto, (max-width: 683px) 100vw, 683px\" \/><div class=\"eedee-background-div__overlay\" style=\"opacity:1;\"><\/div><\/div><div class=\"slide-content\">\n<p class=\"has-text-align-center gutenslider-content-initial has-larger-font-size\"><\/p>\n<\/div><\/div>\n\n<div class=\"swiper-slide wp-block-eedee-block-gutenslide is-position-center-center ed-bg-image\" style=\"--ed-vw:1;--ed-vh:1;\" data-hash=\"\"><div class=\"eedee-background-div bg-image\"><img class=\"wp-image-388\" src=\"https:\/\/peepsapp.ch\/wp-content\/uploads\/2022\/08\/peeps-mockup-3-2-3.png\" alt=\"\" decoding=\"async\" style=\"object-fit: cover; object-position: 50% 50%;\"  data-title=\"peeps-mockup-3-2-3\" \/><div class=\"eedee-background-div__overlay\" style=\"opacity:1;\"><\/div><\/div><div class=\"slide-content\">\n<p class=\"has-text-align-center gutenslider-content-initial has-larger-font-size\"><\/p>\n<\/div><\/div>\n<\/div><button class=\"eedee-gutenslider-nav eedee-gutenslider-prev\"><svg xmlns=\"http:\/\/www.w3.org\/2000\/svg\" viewBox=\"0 0 24 24\" width=\"24\" height=\"24\"><circle class=\"bg\" cx=\"13\" cy=\"12\" r=\"11\" \/><path fill=\"none\" d=\"M0 0h24v24H0z\"\/><path class=\"arrow\" d=\"M10.828 12l4.95 4.95-1.414 1.414L8 12l6.364-6.364 1.414 1.414z\"\/><\/svg><\/button><button class=\"eedee-gutenslider-nav eedee-gutenslider-next\"><svg xmlns=\"http:\/\/www.w3.org\/2000\/svg\" viewBox=\"0 0 24 24\" width=\"24\" height=\"24\"><circle class=\"bg\" cx=\"11\" cy=\"12\" r=\"11\" \/><path fill=\"none\" d=\"M0 0h24v24H0z\"\/><path class=\"arrow\" d=\"M13.172 12l-4.95-4.95 1.414-1.414L16 12l-6.364 6.364-1.414-1.414z\"\/><\/svg><\/button><div class=\"eedee-gutenslider-pagination\"><\/div><\/div><div class=\"gutenslider-divider-bottom \" style=\"color:#fff;\"><\/div><\/div><\/div><\/div><p><\/p>","protected":false},"excerpt":{"rendered":"<p>Hi Peeps Peeps offre giornalmente, 365 giorni l&#8217;anno contenuti interessanti e variati prodotti di qualit\u00e0 a met\u00e0 prezzo nel proprio negozio online estrazioni a sorte Peeps non \u00e8 \u00abancora di pi\u00f9, sempre della stessa roba\u00bb, bens\u00ec \u00abqualcosa di diverso ogni volta\u00bb. Un mezzo per uscire ogni giorno dalla propria bolla. Perch\u00e9 gli algoritmi e i [&hellip;]<\/p>\n","protected":false},"author":1,"featured_media":0,"parent":0,"menu_order":7,"comment_status":"closed","ping_status":"closed","template":"","meta":{"footnotes":""},"class_list":["post-311","page","type-page","status-publish","hentry"],"acf":[],"yoast_head":"<!-- This site is optimized with the Yoast SEO plugin v27.4 - https:\/\/yoast.com\/product\/yoast-seo-wordpress\/ -->\n<title>Hi Peeps | Peeps App<\/title>\n<meta name=\"robots\" content=\"index, follow, max-snippet:-1, max-image-preview:large, max-video-preview:-1\" \/>\n<link rel=\"canonical\" href=\"https:\/\/peepsapp.ch\/it\/hi-peeps\/\" \/>\n<meta property=\"og:locale\" content=\"it_IT\" \/>\n<meta property=\"og:type\" content=\"article\" \/>\n<meta property=\"og:title\" content=\"Hi Peeps | Peeps App\" \/>\n<meta property=\"og:description\" content=\"Hi Peeps Peeps offre giornalmente, 365 giorni l&#8217;anno contenuti interessanti e variati prodotti di qualit\u00e0 a met\u00e0 prezzo nel proprio negozio online estrazioni a sorte Peeps non \u00e8 \u00abancora di pi\u00f9, sempre della stessa roba\u00bb, bens\u00ec \u00abqualcosa di diverso ogni volta\u00bb. Un mezzo per uscire ogni giorno dalla propria bolla. Perch\u00e9 gli algoritmi e i [&hellip;]\" \/>\n<meta property=\"og:url\" content=\"https:\/\/peepsapp.ch\/it\/hi-peeps\/\" \/>\n<meta property=\"og:site_name\" content=\"Peeps App\" \/>\n<meta property=\"article:modified_time\" content=\"2022-08-29T12:56:33+00:00\" \/>\n<meta property=\"og:image\" content=\"https:\/\/peepsapp.ch\/wp-content\/uploads\/2022\/08\/appstore-it.png\" \/>\n<meta name=\"twitter:card\" content=\"summary_large_image\" \/>\n<meta name=\"twitter:label1\" content=\"Tempo di lettura stimato\" \/>\n\t<meta name=\"twitter:data1\" content=\"2 minuti\" \/>\n<script type=\"application\/ld+json\" class=\"yoast-schema-graph\">{\"@context\":\"https:\\\/\\\/schema.org\",\"@graph\":[{\"@type\":\"WebPage\",\"@id\":\"https:\\\/\\\/peepsapp.ch\\\/it\\\/hi-peeps\\\/\",\"url\":\"https:\\\/\\\/peepsapp.ch\\\/it\\\/hi-peeps\\\/\",\"name\":\"Hi Peeps | Peeps App\",\"isPartOf\":{\"@id\":\"https:\\\/\\\/peepsapp.ch\\\/#website\"},\"primaryImageOfPage\":{\"@id\":\"https:\\\/\\\/peepsapp.ch\\\/it\\\/hi-peeps\\\/#primaryimage\"},\"image\":{\"@id\":\"https:\\\/\\\/peepsapp.ch\\\/it\\\/hi-peeps\\\/#primaryimage\"},\"thumbnailUrl\":\"https:\\\/\\\/peepsapp.ch\\\/wp-content\\\/uploads\\\/2022\\\/08\\\/appstore-it.png\",\"datePublished\":\"2022-08-24T15:29:53+00:00\",\"dateModified\":\"2022-08-29T12:56:33+00:00\",\"breadcrumb\":{\"@id\":\"https:\\\/\\\/peepsapp.ch\\\/it\\\/hi-peeps\\\/#breadcrumb\"},\"inLanguage\":\"it-IT\",\"potentialAction\":[{\"@type\":\"ReadAction\",\"target\":[\"https:\\\/\\\/peepsapp.ch\\\/it\\\/hi-peeps\\\/\"]}]},{\"@type\":\"ImageObject\",\"inLanguage\":\"it-IT\",\"@id\":\"https:\\\/\\\/peepsapp.ch\\\/it\\\/hi-peeps\\\/#primaryimage\",\"url\":\"https:\\\/\\\/peepsapp.ch\\\/wp-content\\\/uploads\\\/2022\\\/08\\\/appstore-it.png\",\"contentUrl\":\"https:\\\/\\\/peepsapp.ch\\\/wp-content\\\/uploads\\\/2022\\\/08\\\/appstore-it.png\"},{\"@type\":\"BreadcrumbList\",\"@id\":\"https:\\\/\\\/peepsapp.ch\\\/it\\\/hi-peeps\\\/#breadcrumb\",\"itemListElement\":[{\"@type\":\"ListItem\",\"position\":1,\"name\":\"Home\",\"item\":\"https:\\\/\\\/peepsapp.ch\\\/it\\\/\"},{\"@type\":\"ListItem\",\"position\":2,\"name\":\"Hi Peeps\"}]},{\"@type\":\"WebSite\",\"@id\":\"https:\\\/\\\/peepsapp.ch\\\/#website\",\"url\":\"https:\\\/\\\/peepsapp.ch\\\/\",\"name\":\"Peeps App\",\"description\":\"Eine weitere WordPress-Website\",\"publisher\":{\"@id\":\"https:\\\/\\\/peepsapp.ch\\\/#organization\"},\"potentialAction\":[{\"@type\":\"SearchAction\",\"target\":{\"@type\":\"EntryPoint\",\"urlTemplate\":\"https:\\\/\\\/peepsapp.ch\\\/?s={search_term_string}\"},\"query-input\":{\"@type\":\"PropertyValueSpecification\",\"valueRequired\":true,\"valueName\":\"search_term_string\"}}],\"inLanguage\":\"it-IT\"},{\"@type\":\"Organization\",\"@id\":\"https:\\\/\\\/peepsapp.ch\\\/#organization\",\"name\":\"Peeps App\",\"url\":\"https:\\\/\\\/peepsapp.ch\\\/\",\"logo\":{\"@type\":\"ImageObject\",\"inLanguage\":\"it-IT\",\"@id\":\"https:\\\/\\\/peepsapp.ch\\\/#\\\/schema\\\/logo\\\/image\\\/\",\"url\":\"https:\\\/\\\/peepsapp.ch\\\/wp-content\\\/uploads\\\/2022\\\/08\\\/peeps-logo-web_Zeichenflache-1.png\",\"contentUrl\":\"https:\\\/\\\/peepsapp.ch\\\/wp-content\\\/uploads\\\/2022\\\/08\\\/peeps-logo-web_Zeichenflache-1.png\",\"width\":1920,\"height\":1080,\"caption\":\"Peeps App\"},\"image\":{\"@id\":\"https:\\\/\\\/peepsapp.ch\\\/#\\\/schema\\\/logo\\\/image\\\/\"}}]}<\/script>\n<!-- \/ Yoast SEO plugin. -->","yoast_head_json":{"title":"Hi Peeps | Peeps App","robots":{"index":"index","follow":"follow","max-snippet":"max-snippet:-1","max-image-preview":"max-image-preview:large","max-video-preview":"max-video-preview:-1"},"canonical":"https:\/\/peepsapp.ch\/it\/hi-peeps\/","og_locale":"it_IT","og_type":"article","og_title":"Hi Peeps | Peeps App","og_description":"Hi Peeps Peeps offre giornalmente, 365 giorni l&#8217;anno contenuti interessanti e variati prodotti di qualit\u00e0 a met\u00e0 prezzo nel proprio negozio online estrazioni a sorte Peeps non \u00e8 \u00abancora di pi\u00f9, sempre della stessa roba\u00bb, bens\u00ec \u00abqualcosa di diverso ogni volta\u00bb. Un mezzo per uscire ogni giorno dalla propria bolla. Perch\u00e9 gli algoritmi e i [&hellip;]","og_url":"https:\/\/peepsapp.ch\/it\/hi-peeps\/","og_site_name":"Peeps App","article_modified_time":"2022-08-29T12:56:33+00:00","og_image":[{"url":"https:\/\/peepsapp.ch\/wp-content\/uploads\/2022\/08\/appstore-it.png","type":"","width":"","height":""}],"twitter_card":"summary_large_image","twitter_misc":{"Tempo di lettura stimato":"2 minuti"},"schema":{"@context":"https:\/\/schema.org","@graph":[{"@type":"WebPage","@id":"https:\/\/peepsapp.ch\/it\/hi-peeps\/","url":"https:\/\/peepsapp.ch\/it\/hi-peeps\/","name":"Hi Peeps | Peeps App","isPartOf":{"@id":"https:\/\/peepsapp.ch\/#website"},"primaryImageOfPage":{"@id":"https:\/\/peepsapp.ch\/it\/hi-peeps\/#primaryimage"},"image":{"@id":"https:\/\/peepsapp.ch\/it\/hi-peeps\/#primaryimage"},"thumbnailUrl":"https:\/\/peepsapp.ch\/wp-content\/uploads\/2022\/08\/appstore-it.png","datePublished":"2022-08-24T15:29:53+00:00","dateModified":"2022-08-29T12:56:33+00:00","breadcrumb":{"@id":"https:\/\/peepsapp.ch\/it\/hi-peeps\/#breadcrumb"},"inLanguage":"it-IT","potentialAction":[{"@type":"ReadAction","target":["https:\/\/peepsapp.ch\/it\/hi-peeps\/"]}]},{"@type":"ImageObject","inLanguage":"it-IT","@id":"https:\/\/peepsapp.ch\/it\/hi-peeps\/#primaryimage","url":"https:\/\/peepsapp.ch\/wp-content\/uploads\/2022\/08\/appstore-it.png","contentUrl":"https:\/\/peepsapp.ch\/wp-content\/uploads\/2022\/08\/appstore-it.png"},{"@type":"BreadcrumbList","@id":"https:\/\/peepsapp.ch\/it\/hi-peeps\/#breadcrumb","itemListElement":[{"@type":"ListItem","position":1,"name":"Home","item":"https:\/\/peepsapp.ch\/it\/"},{"@type":"ListItem","position":2,"name":"Hi Peeps"}]},{"@type":"WebSite","@id":"https:\/\/peepsapp.ch\/#website","url":"https:\/\/peepsapp.ch\/","name":"Peeps App","description":"Eine weitere WordPress-Website","publisher":{"@id":"https:\/\/peepsapp.ch\/#organization"},"potentialAction":[{"@type":"SearchAction","target":{"@type":"EntryPoint","urlTemplate":"https:\/\/peepsapp.ch\/?s={search_term_string}"},"query-input":{"@type":"PropertyValueSpecification","valueRequired":true,"valueName":"search_term_string"}}],"inLanguage":"it-IT"},{"@type":"Organization","@id":"https:\/\/peepsapp.ch\/#organization","name":"Peeps App","url":"https:\/\/peepsapp.ch\/","logo":{"@type":"ImageObject","inLanguage":"it-IT","@id":"https:\/\/peepsapp.ch\/#\/schema\/logo\/image\/","url":"https:\/\/peepsapp.ch\/wp-content\/uploads\/2022\/08\/peeps-logo-web_Zeichenflache-1.png","contentUrl":"https:\/\/peepsapp.ch\/wp-content\/uploads\/2022\/08\/peeps-logo-web_Zeichenflache-1.png","width":1920,"height":1080,"caption":"Peeps App"},"image":{"@id":"https:\/\/peepsapp.ch\/#\/schema\/logo\/image\/"}}]}},"_links":{"self":[{"href":"https:\/\/peepsapp.ch\/it\/wp-json\/wp\/v2\/pages\/311","targetHints":{"allow":["GET"]}}],"collection":[{"href":"https:\/\/peepsapp.ch\/it\/wp-json\/wp\/v2\/pages"}],"about":[{"href":"https:\/\/peepsapp.ch\/it\/wp-json\/wp\/v2\/types\/page"}],"author":[{"embeddable":true,"href":"https:\/\/peepsapp.ch\/it\/wp-json\/wp\/v2\/users\/1"}],"replies":[{"embeddable":true,"href":"https:\/\/peepsapp.ch\/it\/wp-json\/wp\/v2\/comments?post=311"}],"version-history":[{"count":13,"href":"https:\/\/peepsapp.ch\/it\/wp-json\/wp\/v2\/pages\/311\/revisions"}],"predecessor-version":[{"id":404,"href":"https:\/\/peepsapp.ch\/it\/wp-json\/wp\/v2\/pages\/311\/revisions\/404"}],"wp:attachment":[{"href":"https:\/\/peepsapp.ch\/it\/wp-json\/wp\/v2\/media?parent=311"}],"curies":[{"name":"wp","href":"https:\/\/api.w.org\/{rel}","templated":true}]}}