{"id":651,"date":"2023-11-22T11:53:00","date_gmt":"2023-11-22T10:53:00","guid":{"rendered":"https:\/\/peepsapp.ch\/?page_id=651"},"modified":"2023-11-22T11:56:54","modified_gmt":"2023-11-22T10:56:54","slug":"faq-lavoro-dei-sogni","status":"publish","type":"page","link":"https:\/\/peepsapp.ch\/it\/faq-lavoro-dei-sogni\/","title":{"rendered":"FAQ Lavoro dei sogni"},"content":{"rendered":"<h1 class=\"wp-block-heading\">FAQ Lavoro dei sogni<\/h1><h2 class=\"wp-block-heading\">Cos\u2019\u00e8 Peeps?<\/h2><p>Peeps \u00e8 un\u2019applicazione che presenta ogni giorno una persona diversa attraverso contenuti di vario tipo, pubblicati nel corso della giornata. L\u2019idea \u00e8 di utilizzare contenuti fotografici, video, audio e testuali per mostrare la diversit\u00e0 della giovent\u00f9 in Svizzera, i loro stili di vita e le loro attivit\u00e0 preferite. <a href=\"https:\/\/peepsapp.ch\/it\/\">Per saperne di pi\u00f9 su Peeps<\/a>.<\/p><p><\/p><h2 class=\"wp-block-heading\">Chi c\u2019\u00e8 dietro Peeps?<\/h2><p>L\u2019applicazione Peeps \u00e8 gestita da PUBLISHR GmbH, una societ\u00e0 affiliata di INTR AG. La produzione dei contenuti \u00e8 affidata a giovani redattori e redattrici, fotograf<em>, videograf<\/em>, illustratori e illustratrici, e traduttori e traduttrici (tutti i contenuti vengono pubblicati in italiano, francese e tedesco).<\/p><p><\/p><h2 class=\"wp-block-heading\">Perch\u00e9 viene proposto il lavoro dei sogni?<\/h2><p>Ci interessa vedere cosa si pu\u00f2 creare quando due persone si dedicano a un\u2019attivit\u00e0 per sei mesi, mettono in pratica un progetto, e hanno la possibilit\u00e0 di realizzare un sogno, senza sentire una costante pressione finanziaria.<\/p><p><\/p><h2 class=\"wp-block-heading\">Chi pu\u00f2 candidarsi per il posto?<\/h2><p>La candidatura \u00e8 aperta a chiunque abbia un abbonamento Premium attivo a Peeps e uno statuto di soggiorno che permetta di lavorare in Svizzera. Per motivi legali, durante i sei mesi di lavoro presso Peeps (PUBLISHR GmbH) \u00e8 consentito essere vincolati contrattualmente per un massimo del 50% in un altro rapporto di lavoro.<\/p><p><\/p><h2 class=\"wp-block-heading\">Quanto costa un abbonamento Premium a Peeps e cosa mi offre?<\/h2><p>Per clienti PostFinance (partner cooperativo di Peeps) l\u2019abbonamento Premium a Peeps \u00e8 gratis fino ai 30 anni, altrimenti costa 5 franchi al mese. L\u2019abbonamento pu\u00f2 essere revocato in qualsiasi momento. <a href=\"https:\/\/peepsapp.ch\/it\/hi-peeps\/\">Qui<\/a> puoi scaricare l\u2019applicazione e acquistare l\u2019abbonamento Premium direttamente nell\u2019app.<br>Grazie all\u2019abbonamento Premium avrai accesso completo ai contenuti editoriali e allo shop. Ogni due giorni troverai nello shop un numero limitato di prodotti scontatissimi.<\/p><p><\/p><h2 class=\"wp-block-heading\"><strong>Che tipo di progetti state cercando?<\/strong><\/h2><p>Le idee nel modulo di candidatura possono fornire uno spunto, ma ci farebbe piacere se pensassi anche ad altro. Non vogliamo e non possiamo stabilire cosa dovrebbe essere realizzato durante il periodo di assunzione, perch\u00e9 non vogliamo mettere freni alla tua creativit\u00e0. Vogliamo solo che ti impegni nel tuo progetto.<\/p><p><\/p><h2 class=\"wp-block-heading\">Come verranno valutate le candidature?<\/h2><p>Verranno valutati solo i moduli di candidatura completi. Nel campo \u201cIl tuo progetto\u201d hai la possibilit\u00e0 di presentarti e di raccontarci della tua motivazione e del tuo progetto. Preferiamo una presentazione beve e concisa, perci\u00f2 il numero di caratteri \u00e8 limitato.<\/p><p><\/p><h2 class=\"wp-block-heading\">Come funziona il processo di candidatura?<\/h2><p>Le candidature saranno accettate fino al 14 gennaio 2024. In seguito, 20 candidat* verranno invitati ad un colloquio nel quale il progetto potr\u00e0 essere presentato pi\u00f9 in dettaglio. I colloqui si svolgeranno online. Verranno quindi selezionati due de* venti candidat* a cui verr\u00e0 offerto un contratto di sei mesi. Il carico di lavoro \u00e8 del 50% con uno stipendio lordo effettivo di CHF 2500.-.<\/p><p><\/p><h2 class=\"wp-block-heading\">Quando inizia il contratto di lavoro?<\/h2><p>Il contratto potr\u00e0 entrare in vigore al pi\u00f9 presto dal 1 marzo 2024. Nel modulo di candidatura hai la possibilit\u00e0 di indicare la data di inizio desiderata. Una data specifica per l&#8217;inizio del lavoro dovr\u00e0 essere indicata al pi\u00f9 tardi durante il colloquio.<\/p><p><\/p><h2 class=\"wp-block-heading\">Che aspetto avr\u00e0 la mia giornata di lavoro in caso di assunzione?<\/h2><p>Durante i sei mesi sarai tenut* a lavorare al tuo progetto per 20 ore a settimana. Sarai tu a decidere quando e dove lavorare. Proporzionalmente al carico di lavoro avrai a disposizione un numero di giorni di ferie di cui potrai disporre liberamente.<\/p><p><\/p><h2 class=\"wp-block-heading\">In cosa consister\u00e0 il coaching di cui potrei usufruire?<\/h2><p>Per quanto possibile, ti supporteremo nella messa in pratica del tuo progetto con la nostra esperienza. La forma specifica del coaching dipende dal progetto e verr\u00e0 definita nel contratto di lavoro.<\/p><p><\/p><h2 class=\"wp-block-heading\">Il progetto dovr\u00e0 essere concluso in sei mesi?<\/h2><p>No. Quello che ci interessa \u00e8 l\u2019idea del progetto e vedere cosa succede quando hai la possibilit\u00e0 di dedicarti a questa idea durante un lungo periodo di tempo. Sappiamo bene che in sei mesi pu\u00f2 succedere molto e le idee e i programmi posso svilupparsi e cambiare.<\/p><p><\/p><h2 class=\"wp-block-heading\">Verranno pagati dei contributi all\u2019assicurazione sociale?<\/h2><p>S\u00ec, i rispettivi contributi verranno versati alle assicurazioni sociali obbligatorie.<\/p><p><\/p><h2 class=\"wp-block-heading\">Il reddito deve essere tassato?<\/h2><p>S\u00ec, il reddito dovr\u00e0 essere tassato.<\/p><p><\/p><h2 class=\"wp-block-heading\">I miei dati verranno trasmessi a terzi?<\/h2><p>No, alcun dato verr\u00e0 trasmesso a terzi.<\/p><p><\/p><p>Clicca <a href=\"https:\/\/peepsapp.ch\/it\/lavoro-dei-sogni\/\">qui<\/a> per tornare alla candidatura!<\/p><p><\/p><div class=\"wp-block-group has-small-font-size\"><div class=\"wp-block-group__inner-container is-layout-constrained wp-block-group-is-layout-constrained\"><p><\/p><\/div><\/div>","protected":false},"excerpt":{"rendered":"<p>FAQ Lavoro dei sogni Cos\u2019\u00e8 Peeps? Peeps \u00e8 un\u2019applicazione che presenta ogni giorno una persona diversa attraverso contenuti di vario tipo, pubblicati nel corso della giornata. L\u2019idea \u00e8 di utilizzare contenuti fotografici, video, audio e testuali per mostrare la diversit\u00e0 della giovent\u00f9 in Svizzera, i loro stili di vita e le loro attivit\u00e0 preferite. Per [&hellip;]<\/p>\n","protected":false},"author":2,"featured_media":0,"parent":0,"menu_order":0,"comment_status":"closed","ping_status":"closed","template":"content-traumjob-faq.php","meta":{"footnotes":""},"class_list":["post-651","page","type-page","status-publish","hentry"],"acf":[],"yoast_head":"<!-- This site is optimized with the Yoast SEO plugin v27.5 - https:\/\/yoast.com\/product\/yoast-seo-wordpress\/ -->\n<title>FAQ Lavoro dei sogni | Peeps App<\/title>\n<meta name=\"robots\" content=\"index, follow, max-snippet:-1, max-image-preview:large, max-video-preview:-1\" \/>\n<link rel=\"canonical\" href=\"https:\/\/peepsapp.ch\/it\/faq-lavoro-dei-sogni\/\" \/>\n<meta property=\"og:locale\" content=\"it_IT\" \/>\n<meta property=\"og:type\" content=\"article\" \/>\n<meta property=\"og:title\" content=\"FAQ Lavoro dei sogni | Peeps App\" \/>\n<meta property=\"og:description\" content=\"FAQ Lavoro dei sogni Cos\u2019\u00e8 Peeps? Peeps \u00e8 un\u2019applicazione che presenta ogni giorno una persona diversa attraverso contenuti di vario tipo, pubblicati nel corso della giornata. L\u2019idea \u00e8 di utilizzare contenuti fotografici, video, audio e testuali per mostrare la diversit\u00e0 della giovent\u00f9 in Svizzera, i loro stili di vita e le loro attivit\u00e0 preferite. Per [&hellip;]\" \/>\n<meta property=\"og:url\" content=\"https:\/\/peepsapp.ch\/it\/faq-lavoro-dei-sogni\/\" \/>\n<meta property=\"og:site_name\" content=\"Peeps App\" \/>\n<meta property=\"article:modified_time\" content=\"2023-11-22T10:56:54+00:00\" \/>\n<meta name=\"twitter:card\" content=\"summary_large_image\" \/>\n<meta name=\"twitter:label1\" content=\"Tempo di lettura stimato\" \/>\n\t<meta name=\"twitter:data1\" content=\"4 minuti\" \/>\n<script type=\"application\/ld+json\" class=\"yoast-schema-graph\">{\"@context\":\"https:\\\/\\\/schema.org\",\"@graph\":[{\"@type\":\"WebPage\",\"@id\":\"https:\\\/\\\/peepsapp.ch\\\/it\\\/faq-lavoro-dei-sogni\\\/\",\"url\":\"https:\\\/\\\/peepsapp.ch\\\/it\\\/faq-lavoro-dei-sogni\\\/\",\"name\":\"FAQ Lavoro dei sogni | Peeps App\",\"isPartOf\":{\"@id\":\"https:\\\/\\\/peepsapp.ch\\\/#website\"},\"datePublished\":\"2023-11-22T10:53:00+00:00\",\"dateModified\":\"2023-11-22T10:56:54+00:00\",\"breadcrumb\":{\"@id\":\"https:\\\/\\\/peepsapp.ch\\\/it\\\/faq-lavoro-dei-sogni\\\/#breadcrumb\"},\"inLanguage\":\"it-IT\",\"potentialAction\":[{\"@type\":\"ReadAction\",\"target\":[\"https:\\\/\\\/peepsapp.ch\\\/it\\\/faq-lavoro-dei-sogni\\\/\"]}]},{\"@type\":\"BreadcrumbList\",\"@id\":\"https:\\\/\\\/peepsapp.ch\\\/it\\\/faq-lavoro-dei-sogni\\\/#breadcrumb\",\"itemListElement\":[{\"@type\":\"ListItem\",\"position\":1,\"name\":\"Home\",\"item\":\"https:\\\/\\\/peepsapp.ch\\\/it\\\/\"},{\"@type\":\"ListItem\",\"position\":2,\"name\":\"FAQ Lavoro dei sogni\"}]},{\"@type\":\"WebSite\",\"@id\":\"https:\\\/\\\/peepsapp.ch\\\/#website\",\"url\":\"https:\\\/\\\/peepsapp.ch\\\/\",\"name\":\"Peeps App\",\"description\":\"Eine weitere WordPress-Website\",\"publisher\":{\"@id\":\"https:\\\/\\\/peepsapp.ch\\\/#organization\"},\"potentialAction\":[{\"@type\":\"SearchAction\",\"target\":{\"@type\":\"EntryPoint\",\"urlTemplate\":\"https:\\\/\\\/peepsapp.ch\\\/?s={search_term_string}\"},\"query-input\":{\"@type\":\"PropertyValueSpecification\",\"valueRequired\":true,\"valueName\":\"search_term_string\"}}],\"inLanguage\":\"it-IT\"},{\"@type\":\"Organization\",\"@id\":\"https:\\\/\\\/peepsapp.ch\\\/#organization\",\"name\":\"Peeps App\",\"url\":\"https:\\\/\\\/peepsapp.ch\\\/\",\"logo\":{\"@type\":\"ImageObject\",\"inLanguage\":\"it-IT\",\"@id\":\"https:\\\/\\\/peepsapp.ch\\\/#\\\/schema\\\/logo\\\/image\\\/\",\"url\":\"https:\\\/\\\/peepsapp.ch\\\/wp-content\\\/uploads\\\/2022\\\/08\\\/peeps-logo-web_Zeichenflache-1.png\",\"contentUrl\":\"https:\\\/\\\/peepsapp.ch\\\/wp-content\\\/uploads\\\/2022\\\/08\\\/peeps-logo-web_Zeichenflache-1.png\",\"width\":1920,\"height\":1080,\"caption\":\"Peeps App\"},\"image\":{\"@id\":\"https:\\\/\\\/peepsapp.ch\\\/#\\\/schema\\\/logo\\\/image\\\/\"}}]}<\/script>\n<!-- \/ Yoast SEO plugin. -->","yoast_head_json":{"title":"FAQ Lavoro dei sogni | Peeps App","robots":{"index":"index","follow":"follow","max-snippet":"max-snippet:-1","max-image-preview":"max-image-preview:large","max-video-preview":"max-video-preview:-1"},"canonical":"https:\/\/peepsapp.ch\/it\/faq-lavoro-dei-sogni\/","og_locale":"it_IT","og_type":"article","og_title":"FAQ Lavoro dei sogni | Peeps App","og_description":"FAQ Lavoro dei sogni Cos\u2019\u00e8 Peeps? Peeps \u00e8 un\u2019applicazione che presenta ogni giorno una persona diversa attraverso contenuti di vario tipo, pubblicati nel corso della giornata. L\u2019idea \u00e8 di utilizzare contenuti fotografici, video, audio e testuali per mostrare la diversit\u00e0 della giovent\u00f9 in Svizzera, i loro stili di vita e le loro attivit\u00e0 preferite. Per [&hellip;]","og_url":"https:\/\/peepsapp.ch\/it\/faq-lavoro-dei-sogni\/","og_site_name":"Peeps App","article_modified_time":"2023-11-22T10:56:54+00:00","twitter_card":"summary_large_image","twitter_misc":{"Tempo di lettura stimato":"4 minuti"},"schema":{"@context":"https:\/\/schema.org","@graph":[{"@type":"WebPage","@id":"https:\/\/peepsapp.ch\/it\/faq-lavoro-dei-sogni\/","url":"https:\/\/peepsapp.ch\/it\/faq-lavoro-dei-sogni\/","name":"FAQ Lavoro dei sogni | Peeps App","isPartOf":{"@id":"https:\/\/peepsapp.ch\/#website"},"datePublished":"2023-11-22T10:53:00+00:00","dateModified":"2023-11-22T10:56:54+00:00","breadcrumb":{"@id":"https:\/\/peepsapp.ch\/it\/faq-lavoro-dei-sogni\/#breadcrumb"},"inLanguage":"it-IT","potentialAction":[{"@type":"ReadAction","target":["https:\/\/peepsapp.ch\/it\/faq-lavoro-dei-sogni\/"]}]},{"@type":"BreadcrumbList","@id":"https:\/\/peepsapp.ch\/it\/faq-lavoro-dei-sogni\/#breadcrumb","itemListElement":[{"@type":"ListItem","position":1,"name":"Home","item":"https:\/\/peepsapp.ch\/it\/"},{"@type":"ListItem","position":2,"name":"FAQ Lavoro dei sogni"}]},{"@type":"WebSite","@id":"https:\/\/peepsapp.ch\/#website","url":"https:\/\/peepsapp.ch\/","name":"Peeps App","description":"Eine weitere WordPress-Website","publisher":{"@id":"https:\/\/peepsapp.ch\/#organization"},"potentialAction":[{"@type":"SearchAction","target":{"@type":"EntryPoint","urlTemplate":"https:\/\/peepsapp.ch\/?s={search_term_string}"},"query-input":{"@type":"PropertyValueSpecification","valueRequired":true,"valueName":"search_term_string"}}],"inLanguage":"it-IT"},{"@type":"Organization","@id":"https:\/\/peepsapp.ch\/#organization","name":"Peeps App","url":"https:\/\/peepsapp.ch\/","logo":{"@type":"ImageObject","inLanguage":"it-IT","@id":"https:\/\/peepsapp.ch\/#\/schema\/logo\/image\/","url":"https:\/\/peepsapp.ch\/wp-content\/uploads\/2022\/08\/peeps-logo-web_Zeichenflache-1.png","contentUrl":"https:\/\/peepsapp.ch\/wp-content\/uploads\/2022\/08\/peeps-logo-web_Zeichenflache-1.png","width":1920,"height":1080,"caption":"Peeps App"},"image":{"@id":"https:\/\/peepsapp.ch\/#\/schema\/logo\/image\/"}}]}},"_links":{"self":[{"href":"https:\/\/peepsapp.ch\/it\/wp-json\/wp\/v2\/pages\/651","targetHints":{"allow":["GET"]}}],"collection":[{"href":"https:\/\/peepsapp.ch\/it\/wp-json\/wp\/v2\/pages"}],"about":[{"href":"https:\/\/peepsapp.ch\/it\/wp-json\/wp\/v2\/types\/page"}],"author":[{"embeddable":true,"href":"https:\/\/peepsapp.ch\/it\/wp-json\/wp\/v2\/users\/2"}],"replies":[{"embeddable":true,"href":"https:\/\/peepsapp.ch\/it\/wp-json\/wp\/v2\/comments?post=651"}],"version-history":[{"count":3,"href":"https:\/\/peepsapp.ch\/it\/wp-json\/wp\/v2\/pages\/651\/revisions"}],"predecessor-version":[{"id":667,"href":"https:\/\/peepsapp.ch\/it\/wp-json\/wp\/v2\/pages\/651\/revisions\/667"}],"wp:attachment":[{"href":"https:\/\/peepsapp.ch\/it\/wp-json\/wp\/v2\/media?parent=651"}],"curies":[{"name":"wp","href":"https:\/\/api.w.org\/{rel}","templated":true}]}}